{"id":384,"date":"2025-07-15T06:55:23","date_gmt":"2025-07-15T06:55:23","guid":{"rendered":"https:\/\/decorp.vn\/tuyen-dung\/"},"modified":"2025-09-03T10:16:14","modified_gmt":"2025-09-03T10:16:14","slug":"tuyen-dung","status":"publish","type":"page","link":"https:\/\/decorp.vn\/vi\/tuyen-dung\/","title":{"rendered":"Tuy\u1ec3n d\u1ee5ng"},"content":{"rendered":"<section class=\"blockJobsSearch wow fadeInUp\" data-wow-duration=\"0.7s\" data-wow-delay=\"0.5s\">\n            <div class=\"blockJobsSearch__image\">\n            <img decoding=\"async\" width=\"2146\" height=\"495\" src=\"https:\/\/decorp.vn\/wp-content\/uploads\/2025\/08\/bg-jobs-search.webp\" class=\"attachment-full size-full\" alt=\"bg-jobs-search\" srcset=\"https:\/\/decorp.vn\/wp-content\/uploads\/2025\/08\/bg-jobs-search.webp 2146w, https:\/\/decorp.vn\/wp-content\/uploads\/2025\/08\/bg-jobs-search-300x69.webp 300w, https:\/\/decorp.vn\/wp-content\/uploads\/2025\/08\/bg-jobs-search-1024x236.webp 1024w, https:\/\/decorp.vn\/wp-content\/uploads\/2025\/08\/bg-jobs-search-768x177.webp 768w, https:\/\/decorp.vn\/wp-content\/uploads\/2025\/08\/bg-jobs-search-1536x354.webp 1536w, https:\/\/decorp.vn\/wp-content\/uploads\/2025\/08\/bg-jobs-search-2048x472.webp 2048w, https:\/\/decorp.vn\/wp-content\/uploads\/2025\/08\/bg-jobs-search-600x138.webp 600w\" sizes=\"(max-width: 2146px) 100vw, 2146px\" \/>        <\/div>\n        <div class=\"blockJobsSearch__content text-center\">\n        <div class=\"inner\">\n                            <h1 class=\"title\">\u0110\u1ed3ng h\u00e0nh c\u00f9ng DEcorp \u0111\u1ec3 <br>ki\u1ebfn t\u1ea1o t\u01b0\u01a1ng lai c\u1ee7a b\u1ea1n<\/h1>\n                        <div class=\"search-job-form\">\n                <form class=\"form-search\" role=\"search\" method=\"post\" id=\"form-search-job\">\n                    <input type=\"text\" class=\"search-job-field\" placeholder=\"B\u1ea1n \u0111ang t\u00ecm v\u1ecb tr\u00ed g\u00ec\" value=\"\" name=\"search-job-field\">\n                <\/form>\n            <\/div>\n                            <div class=\"footer-social-wrap\">\n                    <div class=\"footer-social\">\n                                                                                    <a href=\"https:\/\/www.facebook.com\/profile.php?id=61577373744172\" target=\"_blank\" class=\"social-icon\">\n                                    <img decoding=\"async\" src=\"https:\/\/decorp.vn\/wp-content\/uploads\/2025\/07\/Layer_1-3-1.svg\" class=\"attachment-full size-full\" alt=\"\" \/>                                <\/a>\n                                                                                                                <img decoding=\"async\" width=\"10000\" height=\"10000\" src=\"https:\/\/decorp.vn\/wp-content\/uploads\/2025\/08\/Untitled-1-01.png\" class=\"attachment-full size-full\" alt=\"\" srcset=\"https:\/\/decorp.vn\/wp-content\/uploads\/2025\/08\/Untitled-1-01.png 10000w, https:\/\/decorp.vn\/wp-content\/uploads\/2025\/08\/Untitled-1-01-300x300.png 300w, https:\/\/decorp.vn\/wp-content\/uploads\/2025\/08\/Untitled-1-01-1024x1024.png 1024w, https:\/\/decorp.vn\/wp-content\/uploads\/2025\/08\/Untitled-1-01-768x768.png 768w, https:\/\/decorp.vn\/wp-content\/uploads\/2025\/08\/Untitled-1-01-600x600.png 600w\" sizes=\"(max-width: 10000px) 100vw, 10000px\" \/>                                                                                                                <a href=\"https:\/\/www.linkedin.com\/company\/107543954\/\" target=\"_blank\" class=\"social-icon\">\n                                    <img decoding=\"async\" src=\"https:\/\/decorp.vn\/wp-content\/uploads\/2025\/07\/Layer_1-6-1.svg\" class=\"attachment-full size-full\" alt=\"\" \/>                                <\/a>\n                                                                    \n                    <\/div>  \n                <\/div>\n             \n        <\/div>\n    <\/div>\n<\/section>\n\n<section id=\"spc_spacing\">\n                                        <div class=\"spc_on_desktop\" style=\"height:50px;\"><\/div>\n            \n                            <div class=\"spc_on_tablet\" style=\"height:30px;\"><\/div>\n            \n                            <div class=\"spc_on_mobile\" style=\"height:30px;\"><\/div>\n                        \n            <\/section>\n\n<section class=\"blockJobList wow fadeInUp\" data-wow-duration=\"0.7s\" data-wow-delay=\"0.5s\">\n    <div class=\"container\">\n        <div class=\"blockJobList__header text-center wow fadeInUp\" data-wow-duration=\"0.7s\" data-wow-delay=\"0.7s\">\n                            <h2 class=\"common-title\">V\u1ecb tr\u00ed \u0111ang tuy\u1ec3n d\u1ee5ng<\/h2>\n                    <\/div> \n\n                    <div class=\"blockJobList__content\">\n                <div class=\"jobList-inner\">\n                                            <a class=\"job-item\" href=\"https:\/\/decorp.vn\/vi\/career\/engagement-manager\/\">\n    <h4 class=\"title\">Engagement Manager<\/h4>\n    <span class=\"btn btn-primary\">Xem chi ti\u1ebft<\/span>\n<\/a>                                            <a class=\"job-item\" href=\"https:\/\/decorp.vn\/vi\/career\/thuc-tap-sinh-business-analyst-functional-consultant-erp\/\">\n    <h4 class=\"title\">Th\u1ef1c t\u1eadp sinh Business Analyst \u2013 Functional Consultant ERP<\/h4>\n    <span class=\"btn btn-primary\">Xem chi ti\u1ebft<\/span>\n<\/a>                                            <a class=\"job-item\" href=\"https:\/\/decorp.vn\/vi\/career\/business-development-representative-bdr-lead-generation\/\">\n    <h4 class=\"title\">Business Development Representative (BDR) \u2013 Lead Generation<\/h4>\n    <span class=\"btn btn-primary\">Xem chi ti\u1ebft<\/span>\n<\/a>                                            <a class=\"job-item\" href=\"https:\/\/decorp.vn\/vi\/career\/account-executive-ae-deal-closing\/\">\n    <h4 class=\"title\">Account Executive (AE) \u2013 Deal Closing<\/h4>\n    <span class=\"btn btn-primary\">Xem chi ti\u1ebft<\/span>\n<\/a>                                            <a class=\"job-item\" href=\"https:\/\/decorp.vn\/vi\/career\/customer-success-manager\/\">\n    <h4 class=\"title\">Account Manager (AM)<\/h4>\n    <span class=\"btn btn-primary\">Xem chi ti\u1ebft<\/span>\n<\/a>                        \n                                    <\/div>\n            <\/div>\n          \n    <\/div>\n<\/section>","protected":false},"excerpt":{"rendered":"","protected":false},"author":1,"featured_media":0,"parent":0,"menu_order":0,"comment_status":"closed","ping_status":"closed","template":"","meta":{"_acf_changed":true,"footnotes":""},"class_list":["post-384","page","type-page","status-publish","hentry"],"acf":[],"yoast_head":"<!-- This site is optimized with the Yoast SEO plugin v25.2 - https:\/\/yoast.com\/wordpress\/plugins\/seo\/ -->\n<title>Tuy\u1ec3n d\u1ee5ng - Decorp<\/title>\n<meta name=\"robots\" content=\"noindex, follow, max-snippet:-1, max-image-preview:large, max-video-preview:-1\" \/>\n<meta property=\"og:locale\" content=\"vi_VN\" \/>\n<meta property=\"og:type\" content=\"article\" \/>\n<meta property=\"og:title\" content=\"Tuy\u1ec3n d\u1ee5ng - Decorp\" \/>\n<meta property=\"og:url\" content=\"https:\/\/decorp.vn\/vi\/tuyen-dung\/\" \/>\n<meta property=\"og:site_name\" content=\"Decorp\" \/>\n<meta property=\"article:publisher\" content=\"https:\/\/www.facebook.com\/profile.php?id=61577373744172\" \/>\n<meta property=\"article:modified_time\" content=\"2025-09-03T10:16:14+00:00\" \/>\n<meta property=\"og:image\" content=\"https:\/\/decorp.vn\/wp-content\/uploads\/2025\/09\/cropped-LOGO_DOC-01.png\" \/>\n\t<meta property=\"og:image:width\" content=\"512\" \/>\n\t<meta property=\"og:image:height\" content=\"512\" \/>\n\t<meta property=\"og:image:type\" content=\"image\/png\" \/>\n<meta name=\"twitter:card\" content=\"summary_large_image\" \/>\n<script type=\"application\/ld+json\" class=\"yoast-schema-graph\">{\"@context\":\"https:\/\/schema.org\",\"@graph\":[{\"@type\":\"WebPage\",\"@id\":\"https:\/\/decorp.vn\/vi\/tuyen-dung\/\",\"url\":\"https:\/\/decorp.vn\/vi\/tuyen-dung\/\",\"name\":\"Tuy\u1ec3n d\u1ee5ng - Decorp\",\"isPartOf\":{\"@id\":\"https:\/\/decorp.vn\/#website\"},\"datePublished\":\"2025-07-15T06:55:23+00:00\",\"dateModified\":\"2025-09-03T10:16:14+00:00\",\"breadcrumb\":{\"@id\":\"https:\/\/decorp.vn\/vi\/tuyen-dung\/#breadcrumb\"},\"inLanguage\":\"vi\",\"potentialAction\":[{\"@type\":\"ReadAction\",\"target\":[\"https:\/\/decorp.vn\/vi\/tuyen-dung\/\"]}]},{\"@type\":\"BreadcrumbList\",\"@id\":\"https:\/\/decorp.vn\/vi\/tuyen-dung\/#breadcrumb\",\"itemListElement\":[{\"@type\":\"ListItem\",\"position\":1,\"name\":\"Home\",\"item\":\"https:\/\/decorp.vn\/vi\/\"},{\"@type\":\"ListItem\",\"position\":2,\"name\":\"Tuy\u1ec3n d\u1ee5ng\"}]},{\"@type\":\"WebSite\",\"@id\":\"https:\/\/decorp.vn\/#website\",\"url\":\"https:\/\/decorp.vn\/\",\"name\":\"Decorp Technology\",\"description\":\"\",\"publisher\":{\"@id\":\"https:\/\/decorp.vn\/#organization\"},\"potentialAction\":[{\"@type\":\"SearchAction\",\"target\":{\"@type\":\"EntryPoint\",\"urlTemplate\":\"https:\/\/decorp.vn\/?s={search_term_string}\"},\"query-input\":{\"@type\":\"PropertyValueSpecification\",\"valueRequired\":true,\"valueName\":\"search_term_string\"}}],\"inLanguage\":\"vi\"},{\"@type\":\"Organization\",\"@id\":\"https:\/\/decorp.vn\/#organization\",\"name\":\"Decorp Technology\",\"url\":\"https:\/\/decorp.vn\/\",\"logo\":{\"@type\":\"ImageObject\",\"inLanguage\":\"vi\",\"@id\":\"https:\/\/decorp.vn\/#\/schema\/logo\/image\/\",\"url\":\"https:\/\/decorp.vn\/wp-content\/uploads\/2025\/09\/cropped-LOGO_DOC-01.png\",\"contentUrl\":\"https:\/\/decorp.vn\/wp-content\/uploads\/2025\/09\/cropped-LOGO_DOC-01.png\",\"width\":512,\"height\":512,\"caption\":\"Decorp Technology\"},\"image\":{\"@id\":\"https:\/\/decorp.vn\/#\/schema\/logo\/image\/\"},\"sameAs\":[\"https:\/\/www.facebook.com\/profile.php?id=61577373744172\"]}]}<\/script>\n<!-- \/ Yoast SEO plugin. -->","yoast_head_json":{"title":"Tuy\u1ec3n d\u1ee5ng - Decorp","robots":{"index":"noindex","follow":"follow","max-snippet":"max-snippet:-1","max-image-preview":"max-image-preview:large","max-video-preview":"max-video-preview:-1"},"og_locale":"vi_VN","og_type":"article","og_title":"Tuy\u1ec3n d\u1ee5ng - Decorp","og_url":"https:\/\/decorp.vn\/vi\/tuyen-dung\/","og_site_name":"Decorp","article_publisher":"https:\/\/www.facebook.com\/profile.php?id=61577373744172","article_modified_time":"2025-09-03T10:16:14+00:00","og_image":[{"width":512,"height":512,"url":"https:\/\/decorp.vn\/wp-content\/uploads\/2025\/09\/cropped-LOGO_DOC-01.png","type":"image\/png"}],"twitter_card":"summary_large_image","schema":{"@context":"https:\/\/schema.org","@graph":[{"@type":"WebPage","@id":"https:\/\/decorp.vn\/vi\/tuyen-dung\/","url":"https:\/\/decorp.vn\/vi\/tuyen-dung\/","name":"Tuy\u1ec3n d\u1ee5ng - Decorp","isPartOf":{"@id":"https:\/\/decorp.vn\/#website"},"datePublished":"2025-07-15T06:55:23+00:00","dateModified":"2025-09-03T10:16:14+00:00","breadcrumb":{"@id":"https:\/\/decorp.vn\/vi\/tuyen-dung\/#breadcrumb"},"inLanguage":"vi","potentialAction":[{"@type":"ReadAction","target":["https:\/\/decorp.vn\/vi\/tuyen-dung\/"]}]},{"@type":"BreadcrumbList","@id":"https:\/\/decorp.vn\/vi\/tuyen-dung\/#breadcrumb","itemListElement":[{"@type":"ListItem","position":1,"name":"Home","item":"https:\/\/decorp.vn\/vi\/"},{"@type":"ListItem","position":2,"name":"Tuy\u1ec3n d\u1ee5ng"}]},{"@type":"WebSite","@id":"https:\/\/decorp.vn\/#website","url":"https:\/\/decorp.vn\/","name":"Decorp Technology","description":"","publisher":{"@id":"https:\/\/decorp.vn\/#organization"},"potentialAction":[{"@type":"SearchAction","target":{"@type":"EntryPoint","urlTemplate":"https:\/\/decorp.vn\/?s={search_term_string}"},"query-input":{"@type":"PropertyValueSpecification","valueRequired":true,"valueName":"search_term_string"}}],"inLanguage":"vi"},{"@type":"Organization","@id":"https:\/\/decorp.vn\/#organization","name":"Decorp Technology","url":"https:\/\/decorp.vn\/","logo":{"@type":"ImageObject","inLanguage":"vi","@id":"https:\/\/decorp.vn\/#\/schema\/logo\/image\/","url":"https:\/\/decorp.vn\/wp-content\/uploads\/2025\/09\/cropped-LOGO_DOC-01.png","contentUrl":"https:\/\/decorp.vn\/wp-content\/uploads\/2025\/09\/cropped-LOGO_DOC-01.png","width":512,"height":512,"caption":"Decorp Technology"},"image":{"@id":"https:\/\/decorp.vn\/#\/schema\/logo\/image\/"},"sameAs":["https:\/\/www.facebook.com\/profile.php?id=61577373744172"]}]}},"_links":{"self":[{"href":"https:\/\/decorp.vn\/vi\/wp-json\/wp\/v2\/pages\/384","targetHints":{"allow":["GET"]}}],"collection":[{"href":"https:\/\/decorp.vn\/vi\/wp-json\/wp\/v2\/pages"}],"about":[{"href":"https:\/\/decorp.vn\/vi\/wp-json\/wp\/v2\/types\/page"}],"author":[{"embeddable":true,"href":"https:\/\/decorp.vn\/vi\/wp-json\/wp\/v2\/users\/1"}],"replies":[{"embeddable":true,"href":"https:\/\/decorp.vn\/vi\/wp-json\/wp\/v2\/comments?post=384"}],"version-history":[{"count":0,"href":"https:\/\/decorp.vn\/vi\/wp-json\/wp\/v2\/pages\/384\/revisions"}],"wp:attachment":[{"href":"https:\/\/decorp.vn\/vi\/wp-json\/wp\/v2\/media?parent=384"}],"curies":[{"name":"wp","href":"https:\/\/api.w.org\/{rel}","templated":true}]}}