{"id":717,"date":"2025-08-12T03:22:44","date_gmt":"2025-08-12T03:22:44","guid":{"rendered":"https:\/\/decorp.vn\/packages\/"},"modified":"2025-08-20T05:08:11","modified_gmt":"2025-08-20T05:08:11","slug":"packages","status":"publish","type":"page","link":"https:\/\/decorp.vn\/vi\/packages\/","title":{"rendered":"G\u00f3i s\u1ea3n ph\u1ea9m"},"content":{"rendered":"\n<div class=\"wp-block-group alignwide container\"><div class=\"wp-block-group__inner-container is-layout-constrained wp-block-group-is-layout-constrained\"><section id=\"spc_spacing\">\n                                        <div class=\"spc_on_desktop\" style=\"height:80px;\"><\/div>\n            \n                            <div class=\"spc_on_tablet\" style=\"height:60px;\"><\/div>\n            \n                            <div class=\"spc_on_mobile\" style=\"height:50px;\"><\/div>\n                        \n            <\/section>\n\n<div class=\"woocommerce columns-4 \"><ul class=\"products columns-4\">\n<li class=\"product type-product post-719 status-publish first instock product_cat-package-vi has-post-thumbnail virtual sold-individually purchasable product-type-simple\">\n\t<a href=\"https:\/\/decorp.vn\/vi\/product\/goi-co-ban\/\" class=\"woocommerce-LoopProduct-link woocommerce-loop-product__link\"><img decoding=\"async\" width=\"300\" height=\"300\" src=\"https:\/\/decorp.vn\/wp-content\/uploads\/2025\/08\/goi-co-ban-300x300.webp\" class=\"attachment-woocommerce_thumbnail size-woocommerce_thumbnail\" alt=\"goi-co-ban\" srcset=\"https:\/\/decorp.vn\/wp-content\/uploads\/2025\/08\/goi-co-ban-300x300.webp 300w, https:\/\/decorp.vn\/wp-content\/uploads\/2025\/08\/goi-co-ban-1024x1024.webp 1024w, https:\/\/decorp.vn\/wp-content\/uploads\/2025\/08\/goi-co-ban-150x150.webp 150w, https:\/\/decorp.vn\/wp-content\/uploads\/2025\/08\/goi-co-ban-768x768.webp 768w, https:\/\/decorp.vn\/wp-content\/uploads\/2025\/08\/goi-co-ban-600x600.webp 600w, https:\/\/decorp.vn\/wp-content\/uploads\/2025\/08\/goi-co-ban-100x100.webp 100w, https:\/\/decorp.vn\/wp-content\/uploads\/2025\/08\/goi-co-ban.webp 1080w\" sizes=\"(max-width: 300px) 100vw, 300px\" \/><h3 class=\"woocommerce-loop-product__title\">G\u00f3i c\u01a1 b\u1ea3n<\/h3>\n\t<span class=\"price\"><span class=\"woocommerce-Price-amount amount\"><bdi>10,000,000<span class=\"woocommerce-Price-currencySymbol\">&#8363;<\/span><\/bdi><\/span><\/span>\n<\/a><a target=\"_blank\" href=\"?add-to-cart=719\" aria-describedby=\"woocommerce_loop_add_to_cart_link_describedby_719\" data-quantity=\"1\" class=\"button product_type_simple add_to_cart_button ajax_add_to_cart\" data-product_id=\"719\" data-product_sku=\"\" aria-label=\"Th\u00eam v\u00e0o gi\u1ecf h\u00e0ng: &ldquo;G\u00f3i c\u01a1 b\u1ea3n&rdquo;\" rel=\"nofollow\" data-success_message=\"&ldquo;G\u00f3i c\u01a1 b\u1ea3n&rdquo; \u0111\u00e3 \u0111\u01b0\u1ee3c th\u00eam v\u00e0o gi\u1ecf h\u00e0ng c\u1ee7a b\u1ea1n\">Mua ngay<\/a>\t<span id=\"woocommerce_loop_add_to_cart_link_describedby_719\" class=\"screen-reader-text\">\n\t\t\t<\/span>\n<\/li>\n<li class=\"product type-product post-720 status-publish instock product_cat-package-vi has-post-thumbnail sold-individually shipping-taxable purchasable product-type-simple\">\n\t<a href=\"https:\/\/decorp.vn\/vi\/product\/goi-nang-cao\/\" class=\"woocommerce-LoopProduct-link woocommerce-loop-product__link\"><img decoding=\"async\" width=\"300\" height=\"300\" src=\"https:\/\/decorp.vn\/wp-content\/uploads\/2025\/08\/goi-nang-cao-300x300.webp\" class=\"attachment-woocommerce_thumbnail size-woocommerce_thumbnail\" alt=\"goi-nang-cao\" srcset=\"https:\/\/decorp.vn\/wp-content\/uploads\/2025\/08\/goi-nang-cao-300x300.webp 300w, https:\/\/decorp.vn\/wp-content\/uploads\/2025\/08\/goi-nang-cao-1024x1024.webp 1024w, https:\/\/decorp.vn\/wp-content\/uploads\/2025\/08\/goi-nang-cao-150x150.webp 150w, https:\/\/decorp.vn\/wp-content\/uploads\/2025\/08\/goi-nang-cao-768x768.webp 768w, https:\/\/decorp.vn\/wp-content\/uploads\/2025\/08\/goi-nang-cao-600x600.webp 600w, https:\/\/decorp.vn\/wp-content\/uploads\/2025\/08\/goi-nang-cao-100x100.webp 100w, https:\/\/decorp.vn\/wp-content\/uploads\/2025\/08\/goi-nang-cao.webp 1080w\" sizes=\"(max-width: 300px) 100vw, 300px\" \/><h3 class=\"woocommerce-loop-product__title\">G\u00f3i n\u00e2ng cao<\/h3>\n\t<span class=\"price\"><span class=\"woocommerce-Price-amount amount\"><bdi>30,000,000<span class=\"woocommerce-Price-currencySymbol\">&#8363;<\/span><\/bdi><\/span><\/span>\n<\/a><a target=\"_blank\" href=\"?add-to-cart=720\" aria-describedby=\"woocommerce_loop_add_to_cart_link_describedby_720\" data-quantity=\"1\" class=\"button product_type_simple add_to_cart_button ajax_add_to_cart\" data-product_id=\"720\" data-product_sku=\"\" aria-label=\"Th\u00eam v\u00e0o gi\u1ecf h\u00e0ng: &ldquo;G\u00f3i n\u00e2ng cao&rdquo;\" rel=\"nofollow\" data-success_message=\"&ldquo;G\u00f3i n\u00e2ng cao&rdquo; \u0111\u00e3 \u0111\u01b0\u1ee3c th\u00eam v\u00e0o gi\u1ecf h\u00e0ng c\u1ee7a b\u1ea1n\">Mua ngay<\/a>\t<span id=\"woocommerce_loop_add_to_cart_link_describedby_720\" class=\"screen-reader-text\">\n\t\t\t<\/span>\n<\/li>\n<li class=\"product type-product post-721 status-publish instock product_cat-package-vi has-post-thumbnail sold-individually shipping-taxable purchasable product-type-simple\">\n\t<a href=\"https:\/\/decorp.vn\/vi\/product\/goi-chuyen-nghiep\/\" class=\"woocommerce-LoopProduct-link woocommerce-loop-product__link\"><img decoding=\"async\" width=\"300\" height=\"300\" src=\"https:\/\/decorp.vn\/wp-content\/uploads\/2025\/08\/goi-chuyen-nghiep-300x300.webp\" class=\"attachment-woocommerce_thumbnail size-woocommerce_thumbnail\" alt=\"goi-chuyen-nghiep\" srcset=\"https:\/\/decorp.vn\/wp-content\/uploads\/2025\/08\/goi-chuyen-nghiep-300x300.webp 300w, https:\/\/decorp.vn\/wp-content\/uploads\/2025\/08\/goi-chuyen-nghiep-1024x1024.webp 1024w, https:\/\/decorp.vn\/wp-content\/uploads\/2025\/08\/goi-chuyen-nghiep-150x150.webp 150w, https:\/\/decorp.vn\/wp-content\/uploads\/2025\/08\/goi-chuyen-nghiep-768x768.webp 768w, https:\/\/decorp.vn\/wp-content\/uploads\/2025\/08\/goi-chuyen-nghiep-600x600.webp 600w, https:\/\/decorp.vn\/wp-content\/uploads\/2025\/08\/goi-chuyen-nghiep-100x100.webp 100w, https:\/\/decorp.vn\/wp-content\/uploads\/2025\/08\/goi-chuyen-nghiep.webp 1080w\" sizes=\"(max-width: 300px) 100vw, 300px\" \/><h3 class=\"woocommerce-loop-product__title\">G\u00f3i chuy\u00ean nghi\u1ec7p<\/h3>\n\t<span class=\"price\"><span class=\"woocommerce-Price-amount amount\"><bdi>50,000,000<span class=\"woocommerce-Price-currencySymbol\">&#8363;<\/span><\/bdi><\/span><\/span>\n<\/a><a target=\"_blank\" href=\"?add-to-cart=721\" aria-describedby=\"woocommerce_loop_add_to_cart_link_describedby_721\" data-quantity=\"1\" class=\"button product_type_simple add_to_cart_button ajax_add_to_cart\" data-product_id=\"721\" data-product_sku=\"\" aria-label=\"Th\u00eam v\u00e0o gi\u1ecf h\u00e0ng: &ldquo;G\u00f3i chuy\u00ean nghi\u1ec7p&rdquo;\" rel=\"nofollow\" data-success_message=\"&ldquo;G\u00f3i chuy\u00ean nghi\u1ec7p&rdquo; \u0111\u00e3 \u0111\u01b0\u1ee3c th\u00eam v\u00e0o gi\u1ecf h\u00e0ng c\u1ee7a b\u1ea1n\">Mua ngay<\/a>\t<span id=\"woocommerce_loop_add_to_cart_link_describedby_721\" class=\"screen-reader-text\">\n\t\t\t<\/span>\n<\/li>\n<li class=\"product type-product post-722 status-publish last instock product_cat-package-vi has-post-thumbnail sold-individually shipping-taxable purchasable product-type-simple\">\n\t<a href=\"https:\/\/decorp.vn\/vi\/product\/goi-cao-cap\/\" class=\"woocommerce-LoopProduct-link woocommerce-loop-product__link\"><img decoding=\"async\" width=\"300\" height=\"300\" src=\"https:\/\/decorp.vn\/wp-content\/uploads\/2025\/08\/goi-cao-cap-300x300.webp\" class=\"attachment-woocommerce_thumbnail size-woocommerce_thumbnail\" alt=\"goi-cao-cap\" srcset=\"https:\/\/decorp.vn\/wp-content\/uploads\/2025\/08\/goi-cao-cap-300x300.webp 300w, https:\/\/decorp.vn\/wp-content\/uploads\/2025\/08\/goi-cao-cap-1024x1024.webp 1024w, https:\/\/decorp.vn\/wp-content\/uploads\/2025\/08\/goi-cao-cap-150x150.webp 150w, https:\/\/decorp.vn\/wp-content\/uploads\/2025\/08\/goi-cao-cap-768x768.webp 768w, https:\/\/decorp.vn\/wp-content\/uploads\/2025\/08\/goi-cao-cap-600x600.webp 600w, https:\/\/decorp.vn\/wp-content\/uploads\/2025\/08\/goi-cao-cap-100x100.webp 100w, https:\/\/decorp.vn\/wp-content\/uploads\/2025\/08\/goi-cao-cap.webp 1080w\" sizes=\"(max-width: 300px) 100vw, 300px\" \/><h3 class=\"woocommerce-loop-product__title\">G\u00f3i cao c\u1ea5p<\/h3>\n\t<span class=\"price\"><span class=\"woocommerce-Price-amount amount\"><bdi>100,000,000<span class=\"woocommerce-Price-currencySymbol\">&#8363;<\/span><\/bdi><\/span><\/span>\n<\/a><a target=\"_blank\" href=\"?add-to-cart=722\" aria-describedby=\"woocommerce_loop_add_to_cart_link_describedby_722\" data-quantity=\"1\" class=\"button product_type_simple add_to_cart_button ajax_add_to_cart\" data-product_id=\"722\" data-product_sku=\"\" aria-label=\"Th\u00eam v\u00e0o gi\u1ecf h\u00e0ng: &ldquo;G\u00f3i cao c\u1ea5p&rdquo;\" rel=\"nofollow\" data-success_message=\"&ldquo;G\u00f3i cao c\u1ea5p&rdquo; \u0111\u00e3 \u0111\u01b0\u1ee3c th\u00eam v\u00e0o gi\u1ecf h\u00e0ng c\u1ee7a b\u1ea1n\">Mua ngay<\/a>\t<span id=\"woocommerce_loop_add_to_cart_link_describedby_722\" class=\"screen-reader-text\">\n\t\t\t<\/span>\n<\/li>\n<\/ul>\n<\/div>\n<\/div><\/div>\n","protected":false},"excerpt":{"rendered":"","protected":false},"author":1,"featured_media":0,"parent":0,"menu_order":0,"comment_status":"closed","ping_status":"closed","template":"","meta":{"_acf_changed":false,"footnotes":""},"class_list":["post-717","page","type-page","status-publish","hentry"],"acf":[],"yoast_head":"<!-- This site is optimized with the Yoast SEO plugin v25.2 - https:\/\/yoast.com\/wordpress\/plugins\/seo\/ -->\n<title>G\u00f3i s\u1ea3n ph\u1ea9m - Decorp<\/title>\n<meta name=\"robots\" content=\"noindex, follow, max-snippet:-1, max-image-preview:large, max-video-preview:-1\" \/>\n<meta property=\"og:locale\" content=\"vi_VN\" \/>\n<meta property=\"og:type\" content=\"article\" \/>\n<meta property=\"og:title\" content=\"G\u00f3i s\u1ea3n ph\u1ea9m - Decorp\" \/>\n<meta property=\"og:url\" content=\"https:\/\/decorp.vn\/vi\/packages\/\" \/>\n<meta property=\"og:site_name\" content=\"Decorp\" \/>\n<meta property=\"article:publisher\" content=\"https:\/\/www.facebook.com\/profile.php?id=61577373744172\" \/>\n<meta property=\"article:modified_time\" content=\"2025-08-20T05:08:11+00:00\" \/>\n<meta property=\"og:image\" content=\"https:\/\/decorp.vn\/wp-content\/uploads\/2025\/09\/cropped-LOGO_DOC-01.png\" \/>\n\t<meta property=\"og:image:width\" content=\"512\" \/>\n\t<meta property=\"og:image:height\" content=\"512\" \/>\n\t<meta property=\"og:image:type\" content=\"image\/png\" \/>\n<meta name=\"twitter:card\" content=\"summary_large_image\" \/>\n<meta name=\"twitter:label1\" content=\"\u01af\u1edbc t\u00ednh th\u1eddi gian \u0111\u1ecdc\" \/>\n\t<meta name=\"twitter:data1\" content=\"1 ph\u00fat\" \/>\n<script type=\"application\/ld+json\" class=\"yoast-schema-graph\">{\"@context\":\"https:\/\/schema.org\",\"@graph\":[{\"@type\":\"WebPage\",\"@id\":\"https:\/\/decorp.vn\/vi\/packages\/\",\"url\":\"https:\/\/decorp.vn\/vi\/packages\/\",\"name\":\"G\u00f3i s\u1ea3n ph\u1ea9m - Decorp\",\"isPartOf\":{\"@id\":\"https:\/\/decorp.vn\/#website\"},\"datePublished\":\"2025-08-12T03:22:44+00:00\",\"dateModified\":\"2025-08-20T05:08:11+00:00\",\"breadcrumb\":{\"@id\":\"https:\/\/decorp.vn\/vi\/packages\/#breadcrumb\"},\"inLanguage\":\"vi\",\"potentialAction\":[{\"@type\":\"ReadAction\",\"target\":[\"https:\/\/decorp.vn\/vi\/packages\/\"]}]},{\"@type\":\"BreadcrumbList\",\"@id\":\"https:\/\/decorp.vn\/vi\/packages\/#breadcrumb\",\"itemListElement\":[{\"@type\":\"ListItem\",\"position\":1,\"name\":\"Home\",\"item\":\"https:\/\/decorp.vn\/vi\/\"},{\"@type\":\"ListItem\",\"position\":2,\"name\":\"G\u00f3i s\u1ea3n ph\u1ea9m\"}]},{\"@type\":\"WebSite\",\"@id\":\"https:\/\/decorp.vn\/#website\",\"url\":\"https:\/\/decorp.vn\/\",\"name\":\"Decorp Technology\",\"description\":\"\",\"publisher\":{\"@id\":\"https:\/\/decorp.vn\/#organization\"},\"potentialAction\":[{\"@type\":\"SearchAction\",\"target\":{\"@type\":\"EntryPoint\",\"urlTemplate\":\"https:\/\/decorp.vn\/?s={search_term_string}\"},\"query-input\":{\"@type\":\"PropertyValueSpecification\",\"valueRequired\":true,\"valueName\":\"search_term_string\"}}],\"inLanguage\":\"vi\"},{\"@type\":\"Organization\",\"@id\":\"https:\/\/decorp.vn\/#organization\",\"name\":\"Decorp Technology\",\"url\":\"https:\/\/decorp.vn\/\",\"logo\":{\"@type\":\"ImageObject\",\"inLanguage\":\"vi\",\"@id\":\"https:\/\/decorp.vn\/#\/schema\/logo\/image\/\",\"url\":\"https:\/\/decorp.vn\/wp-content\/uploads\/2025\/09\/cropped-LOGO_DOC-01.png\",\"contentUrl\":\"https:\/\/decorp.vn\/wp-content\/uploads\/2025\/09\/cropped-LOGO_DOC-01.png\",\"width\":512,\"height\":512,\"caption\":\"Decorp Technology\"},\"image\":{\"@id\":\"https:\/\/decorp.vn\/#\/schema\/logo\/image\/\"},\"sameAs\":[\"https:\/\/www.facebook.com\/profile.php?id=61577373744172\"]}]}<\/script>\n<!-- \/ Yoast SEO plugin. -->","yoast_head_json":{"title":"G\u00f3i s\u1ea3n ph\u1ea9m - Decorp","robots":{"index":"noindex","follow":"follow","max-snippet":"max-snippet:-1","max-image-preview":"max-image-preview:large","max-video-preview":"max-video-preview:-1"},"og_locale":"vi_VN","og_type":"article","og_title":"G\u00f3i s\u1ea3n ph\u1ea9m - Decorp","og_url":"https:\/\/decorp.vn\/vi\/packages\/","og_site_name":"Decorp","article_publisher":"https:\/\/www.facebook.com\/profile.php?id=61577373744172","article_modified_time":"2025-08-20T05:08:11+00:00","og_image":[{"width":512,"height":512,"url":"https:\/\/decorp.vn\/wp-content\/uploads\/2025\/09\/cropped-LOGO_DOC-01.png","type":"image\/png"}],"twitter_card":"summary_large_image","twitter_misc":{"\u01af\u1edbc t\u00ednh th\u1eddi gian \u0111\u1ecdc":"1 ph\u00fat"},"schema":{"@context":"https:\/\/schema.org","@graph":[{"@type":"WebPage","@id":"https:\/\/decorp.vn\/vi\/packages\/","url":"https:\/\/decorp.vn\/vi\/packages\/","name":"G\u00f3i s\u1ea3n ph\u1ea9m - Decorp","isPartOf":{"@id":"https:\/\/decorp.vn\/#website"},"datePublished":"2025-08-12T03:22:44+00:00","dateModified":"2025-08-20T05:08:11+00:00","breadcrumb":{"@id":"https:\/\/decorp.vn\/vi\/packages\/#breadcrumb"},"inLanguage":"vi","potentialAction":[{"@type":"ReadAction","target":["https:\/\/decorp.vn\/vi\/packages\/"]}]},{"@type":"BreadcrumbList","@id":"https:\/\/decorp.vn\/vi\/packages\/#breadcrumb","itemListElement":[{"@type":"ListItem","position":1,"name":"Home","item":"https:\/\/decorp.vn\/vi\/"},{"@type":"ListItem","position":2,"name":"G\u00f3i s\u1ea3n ph\u1ea9m"}]},{"@type":"WebSite","@id":"https:\/\/decorp.vn\/#website","url":"https:\/\/decorp.vn\/","name":"Decorp Technology","description":"","publisher":{"@id":"https:\/\/decorp.vn\/#organization"},"potentialAction":[{"@type":"SearchAction","target":{"@type":"EntryPoint","urlTemplate":"https:\/\/decorp.vn\/?s={search_term_string}"},"query-input":{"@type":"PropertyValueSpecification","valueRequired":true,"valueName":"search_term_string"}}],"inLanguage":"vi"},{"@type":"Organization","@id":"https:\/\/decorp.vn\/#organization","name":"Decorp Technology","url":"https:\/\/decorp.vn\/","logo":{"@type":"ImageObject","inLanguage":"vi","@id":"https:\/\/decorp.vn\/#\/schema\/logo\/image\/","url":"https:\/\/decorp.vn\/wp-content\/uploads\/2025\/09\/cropped-LOGO_DOC-01.png","contentUrl":"https:\/\/decorp.vn\/wp-content\/uploads\/2025\/09\/cropped-LOGO_DOC-01.png","width":512,"height":512,"caption":"Decorp Technology"},"image":{"@id":"https:\/\/decorp.vn\/#\/schema\/logo\/image\/"},"sameAs":["https:\/\/www.facebook.com\/profile.php?id=61577373744172"]}]}},"_links":{"self":[{"href":"https:\/\/decorp.vn\/vi\/wp-json\/wp\/v2\/pages\/717","targetHints":{"allow":["GET"]}}],"collection":[{"href":"https:\/\/decorp.vn\/vi\/wp-json\/wp\/v2\/pages"}],"about":[{"href":"https:\/\/decorp.vn\/vi\/wp-json\/wp\/v2\/types\/page"}],"author":[{"embeddable":true,"href":"https:\/\/decorp.vn\/vi\/wp-json\/wp\/v2\/users\/1"}],"replies":[{"embeddable":true,"href":"https:\/\/decorp.vn\/vi\/wp-json\/wp\/v2\/comments?post=717"}],"version-history":[{"count":0,"href":"https:\/\/decorp.vn\/vi\/wp-json\/wp\/v2\/pages\/717\/revisions"}],"wp:attachment":[{"href":"https:\/\/decorp.vn\/vi\/wp-json\/wp\/v2\/media?parent=717"}],"curies":[{"name":"wp","href":"https:\/\/api.w.org\/{rel}","templated":true}]}}