{"id":955,"date":"2025-08-27T10:03:11","date_gmt":"2025-08-27T10:03:11","guid":{"rendered":"https:\/\/decorp.vn\/thanh-cong-cua-khach-hang\/"},"modified":"2025-08-28T10:01:21","modified_gmt":"2025-08-28T10:01:21","slug":"khach-hang","status":"publish","type":"page","link":"https:\/\/decorp.vn\/vi\/khach-hang\/","title":{"rendered":"Kh\u00e1ch h\u00e0ng"},"content":{"rendered":"<section class=\"blockTwenty wow fadeInUp\" data-wow-duration=\"0.7s\" data-wow-delay=\"0.5s\"\n     style=\"background-image: url('https:\/\/decorp.vn\/wp-content\/uploads\/2025\/08\/Group-200.jpg');\">\n    <div class=\"container\">\n        <div class=\"blockTwenty-grid text-center\">\n            <div>\n                                    <h2 class=\"blockTwenty-title\">\u0110\u1ed3ng h\u00e0nh c\u00f9ng th\u01b0\u01a1ng hi\u1ec7u<br>v\u01b0\u01a1n xa trong m\u1ecdi l\u0129nh v\u1ef1c<\/h2>\n                                                    <div class=\"blockTwenty-text\"><p>T\u1eeb chi\u1ebfn l\u01b0\u1ee3c \u0111\u1ebfn m\u1ee5c ti\u00eau, DEcorp l\u00e0 \u0111\u1ed1i t\u00e1c tin c\u1eady<br \/>\ncho s\u1ef1 ph\u00e1t tri\u1ec3n b\u1ec1n v\u1eefng c\u1ee7a doanh nghi\u1ec7p<\/p>\n<\/div>\n                            <\/div>\n                            <div class=\"blockTwenty-image text-center\"><img decoding=\"async\" width=\"639\" height=\"445\" src=\"https:\/\/decorp.vn\/wp-content\/uploads\/2025\/08\/Group-1.png\" class=\"attachment-full size-full\" alt=\"\" srcset=\"https:\/\/decorp.vn\/wp-content\/uploads\/2025\/08\/Group-1.png 639w, https:\/\/decorp.vn\/wp-content\/uploads\/2025\/08\/Group-1-300x209.png 300w, https:\/\/decorp.vn\/wp-content\/uploads\/2025\/08\/Group-1-600x418.png 600w\" sizes=\"(max-width: 639px) 100vw, 639px\" \/><\/div>\n                    <\/div>\n    <\/div>\n<\/section>\n\n\n<section id=\"spc_spacing\">\n                                        <div class=\"spc_on_desktop\" style=\"height:20px;\"><\/div>\n            \n                            <div class=\"spc_on_tablet\" style=\"height:15px;\"><\/div>\n            \n                            <div class=\"spc_on_mobile\" style=\"height:10px;\"><\/div>\n                        \n            <\/section>\n\n<section class=\"blockTwentyOne wow fadeInUp\" data-wow-duration=\"0.7s\" data-wow-delay=\"0.5s\">\n    <div class=\"container\">\n                    <ul class=\"blockTwentyOne-grid\">\n                                    <li class=\"blockTwentyOne-item\">\n                        <a href=\"https:\/\/decorp.vn\/vi\/hanh-trinh-24-tuan-phat-trien-thuong-mai-dien-tu-cung-pgs-gold-coin\/\">\n                            <div class=\"blockTwentyOne-item-content\">\n                                <h3 class=\"blockTwentyOne-item-title\">H\u00e0nh Tr\u00ecnh 24 Tu\u1ea7n Ph\u00e1t Tri\u1ec3n Th\u01b0\u01a1ng M\u1ea1i \u0110i\u1ec7n T\u1eed C\u00f9ng PGS Gold &#038; Coin<\/h3>\n                                <div class=\"blockTwentyOne-item-desc\">Kh\u00e1m ph\u00e1 c\u00e1ch DEcorp \u0111\u00e3 chuy\u1ec3n \u0111\u1ed5i ho\u1ea1t \u0111\u1ed9ng th\u01b0\u01a1ng m\u1ea1i \u0111i\u1ec7n t\u1eed c\u1ee7a PGS Gold &amp; Coin, gia t\u0103ng doanh thu online, th\u1ee9 h\u1ea1ng SEO v\u00e0 ni\u1ec1m tin kh\u00e1ch h\u00e0ng ch\u1ec9 trong 24 tu\u1ea7n.<\/div>\n                            <\/div>\n                            <span class=\"blockTwentyOne-item-more\">\u0110\u1ecdc th\u00eam<\/span>\n                                                            <img decoding=\"async\" width=\"614\" height=\"398\" src=\"https:\/\/decorp.vn\/wp-content\/uploads\/2025\/08\/Rectangle-49.jpg\" class=\"attachment-large size-large wp-post-image\" alt=\"\" srcset=\"https:\/\/decorp.vn\/wp-content\/uploads\/2025\/08\/Rectangle-49.jpg 614w, https:\/\/decorp.vn\/wp-content\/uploads\/2025\/08\/Rectangle-49-300x194.jpg 300w, https:\/\/decorp.vn\/wp-content\/uploads\/2025\/08\/Rectangle-49-600x389.jpg 600w\" sizes=\"(max-width: 614px) 100vw, 614px\" \/>                                                    <\/a>\n                    <\/li>\n                                    <li class=\"blockTwentyOne-item\">\n                        <a href=\"https:\/\/decorp.vn\/vi\/tu-so-click-den-doanh-thu-lacoste-tang-40-traffic-15-luot-chuyen-doi\/\">\n                            <div class=\"blockTwentyOne-item-content\">\n                                <h3 class=\"blockTwentyOne-item-title\">T\u1eeb s\u1ed1 click \u0111\u1ebfn doanh thu: Lacoste t\u0103ng 40% traffic &#038; 15% l\u01b0\u1ee3t chuy\u1ec3n \u0111\u1ed5i<\/h3>\n                                <div class=\"blockTwentyOne-item-desc\">Nh\u1edd gi\u1ea3i ph\u00e1p th\u01b0\u01a1ng m\u1ea1i \u0111i\u1ec7n t\u1eed to\u00e0n di\u1ec7n, DEcorp \u0111\u00e3 gi\u00fap Lacoste t\u0103ng 40% l\u01b0u l\u01b0\u1ee3ng truy c\u1eadp tr\u00ean thi\u1ebft b\u1ecb di \u0111\u1ed9ng v\u00e0 c\u1ea3i thi\u1ec7n 15% t\u1ef7 l\u1ec7 chuy\u1ec3n \u0111\u1ed5i ch\u1ec9 trong 40 tu\u1ea7n.<\/div>\n                            <\/div>\n                            <span class=\"blockTwentyOne-item-more\">\u0110\u1ecdc th\u00eam<\/span>\n                                                            <img decoding=\"async\" width=\"614\" height=\"398\" src=\"https:\/\/decorp.vn\/wp-content\/uploads\/2025\/08\/Rectangle-70.jpg\" class=\"attachment-large size-large wp-post-image\" alt=\"\" srcset=\"https:\/\/decorp.vn\/wp-content\/uploads\/2025\/08\/Rectangle-70.jpg 614w, https:\/\/decorp.vn\/wp-content\/uploads\/2025\/08\/Rectangle-70-300x194.jpg 300w, https:\/\/decorp.vn\/wp-content\/uploads\/2025\/08\/Rectangle-70-600x389.jpg 600w\" sizes=\"(max-width: 614px) 100vw, 614px\" \/>                                                    <\/a>\n                    <\/li>\n                                    <li class=\"blockTwentyOne-item\">\n                        <a href=\"https:\/\/decorp.vn\/vi\/mirror-mirror-boutique-but-pha-doanh-so-nho-hon-2-000-danh-gia-5-sao\/\">\n                            <div class=\"blockTwentyOne-item-content\">\n                                <h3 class=\"blockTwentyOne-item-title\">Mirror Mirror Boutique B\u1ee9t Ph\u00e1 Doanh S\u1ed1 Nh\u1edd H\u01a1n 2.000 \u0110\u00e1nh Gi\u00e1 5 Sao<\/h3>\n                                <div class=\"blockTwentyOne-item-desc\">Kh\u00e1m ph\u00e1 c\u00e1ch Mirror Mirror Boutique gia t\u0103ng ni\u1ec1m tin kh\u00e1ch h\u00e0ng v\u00e0 th\u00fac \u0111\u1ea9y doanh s\u1ed1 b\u00e1n h\u00e0ng online nh\u1edd thi\u1ebft k\u1ebf giao di\u1ec7n tinh g\u1ecdn c\u00f9ng t\u00edch h\u1ee3p Shopify m\u01b0\u1ee3t m\u00e0 t\u1eeb DEcorp.<\/div>\n                            <\/div>\n                            <span class=\"blockTwentyOne-item-more\">\u0110\u1ecdc th\u00eam<\/span>\n                                                            <img decoding=\"async\" width=\"614\" height=\"398\" src=\"https:\/\/decorp.vn\/wp-content\/uploads\/2025\/08\/Rectangle-72.jpg\" class=\"attachment-large size-large wp-post-image\" alt=\"\" srcset=\"https:\/\/decorp.vn\/wp-content\/uploads\/2025\/08\/Rectangle-72.jpg 614w, https:\/\/decorp.vn\/wp-content\/uploads\/2025\/08\/Rectangle-72-300x194.jpg 300w, https:\/\/decorp.vn\/wp-content\/uploads\/2025\/08\/Rectangle-72-600x389.jpg 600w\" sizes=\"(max-width: 614px) 100vw, 614px\" \/>                                                    <\/a>\n                    <\/li>\n                                    <li class=\"blockTwentyOne-item\">\n                        <a href=\"https:\/\/decorp.vn\/vi\/tang-ty-le-chuyen-doi-28-voi-vi-tri-top-10-seo\/\">\n                            <div class=\"blockTwentyOne-item-content\">\n                                <h3 class=\"blockTwentyOne-item-title\">T\u0103ng T\u1ef7 L\u1ec7 Chuy\u1ec3n \u0110\u1ed5i 28% V\u1edbi V\u1ecb Tr\u00ed Top 10 SEO<\/h3>\n                                <div class=\"blockTwentyOne-item-desc\">T\u1eeb th\u1ee9 h\u1ea1ng Top 10 SEO \u0111\u1ebfn t\u1ef7 l\u1ec7 chuy\u1ec3n \u0111\u1ed5i 28% \u2013 kh\u00e1m ph\u00e1 c\u00e1ch DEcorp \u0111\u00e3 n\u00e2ng t\u1ea7m hi\u1ec7u su\u1ea5t th\u01b0\u01a1ng m\u1ea1i \u0111i\u1ec7n t\u1eed c\u1ee7a Welly Kids v\u00e0 gi\u00fap doanh thu t\u0103ng tr\u01b0\u1edfng 35%.<\/div>\n                            <\/div>\n                            <span class=\"blockTwentyOne-item-more\">\u0110\u1ecdc th\u00eam<\/span>\n                                                            <img decoding=\"async\" width=\"614\" height=\"398\" src=\"https:\/\/decorp.vn\/wp-content\/uploads\/2025\/08\/Rectangle-75.jpg\" class=\"attachment-large size-large wp-post-image\" alt=\"\" srcset=\"https:\/\/decorp.vn\/wp-content\/uploads\/2025\/08\/Rectangle-75.jpg 614w, https:\/\/decorp.vn\/wp-content\/uploads\/2025\/08\/Rectangle-75-300x194.jpg 300w, https:\/\/decorp.vn\/wp-content\/uploads\/2025\/08\/Rectangle-75-600x389.jpg 600w\" sizes=\"(max-width: 614px) 100vw, 614px\" \/>                                                    <\/a>\n                    <\/li>\n                                    <li class=\"blockTwentyOne-item\">\n                        <a href=\"https:\/\/decorp.vn\/vi\/tang-doanh-thu-35-nho-nang-cap-website-cho-thuong-hieu-80-nam\/\">\n                            <div class=\"blockTwentyOne-item-content\">\n                                <h3 class=\"blockTwentyOne-item-title\">T\u0103ng Doanh Thu 35% Nh\u1edd N\u00e2ng C\u1ea5p Website Cho Th\u01b0\u01a1ng Hi\u1ec7u 80 N\u0103m<\/h3>\n                                <div class=\"blockTwentyOne-item-desc\">V\u1edbi gi\u1ea3i ph\u00e1p th\u01b0\u01a1ng m\u1ea1i \u0111i\u1ec7n t\u1eed ti\u00ean ti\u1ebfn v\u00e0 th\u1ee9 h\u1ea1ng SEO top 10, Brownies Mattress \u0111\u00e3 t\u0103ng tr\u01b0\u1edfng doanh thu 35% \u0111\u1ed3ng th\u1eddi c\u1ee7ng c\u1ed1 uy t\u00edn th\u01b0\u01a1ng hi\u1ec7u h\u01a1n 80 n\u0103m.<\/div>\n                            <\/div>\n                            <span class=\"blockTwentyOne-item-more\">\u0110\u1ecdc th\u00eam<\/span>\n                                                            <img decoding=\"async\" width=\"614\" height=\"398\" src=\"https:\/\/decorp.vn\/wp-content\/uploads\/2025\/08\/Rectangle-76.jpg\" class=\"attachment-large size-large wp-post-image\" alt=\"\" srcset=\"https:\/\/decorp.vn\/wp-content\/uploads\/2025\/08\/Rectangle-76.jpg 614w, https:\/\/decorp.vn\/wp-content\/uploads\/2025\/08\/Rectangle-76-300x194.jpg 300w, https:\/\/decorp.vn\/wp-content\/uploads\/2025\/08\/Rectangle-76-600x389.jpg 600w\" sizes=\"(max-width: 614px) 100vw, 614px\" \/>                                                    <\/a>\n                    <\/li>\n                            <\/ul>\n                        <\/div>\n<\/section>\n\n\n<section id=\"spc_spacing\">\n                                        <div class=\"spc_on_desktop\" style=\"height:30px;\"><\/div>\n            \n                            <div class=\"spc_on_tablet\" style=\"height:20px;\"><\/div>\n            \n                            <div class=\"spc_on_mobile\" style=\"height:20px;\"><\/div>\n                        \n            <\/section>","protected":false},"excerpt":{"rendered":"","protected":false},"author":1,"featured_media":0,"parent":0,"menu_order":0,"comment_status":"closed","ping_status":"closed","template":"","meta":{"_acf_changed":true,"footnotes":""},"class_list":["post-955","page","type-page","status-publish","hentry"],"acf":[],"yoast_head":"<!-- This site is optimized with the Yoast SEO plugin v25.2 - https:\/\/yoast.com\/wordpress\/plugins\/seo\/ -->\n<title>Kh\u00e1ch h\u00e0ng - Decorp<\/title>\n<meta name=\"robots\" content=\"noindex, follow, max-snippet:-1, max-image-preview:large, max-video-preview:-1\" \/>\n<meta property=\"og:locale\" content=\"vi_VN\" \/>\n<meta property=\"og:type\" content=\"article\" \/>\n<meta property=\"og:title\" content=\"Kh\u00e1ch h\u00e0ng - Decorp\" \/>\n<meta property=\"og:url\" content=\"https:\/\/decorp.vn\/vi\/khach-hang\/\" \/>\n<meta property=\"og:site_name\" content=\"Decorp\" \/>\n<meta property=\"article:publisher\" content=\"https:\/\/www.facebook.com\/profile.php?id=61577373744172\" \/>\n<meta property=\"article:modified_time\" content=\"2025-08-28T10:01:21+00:00\" \/>\n<meta property=\"og:image\" content=\"https:\/\/decorp.vn\/wp-content\/uploads\/2025\/09\/cropped-LOGO_DOC-01.png\" \/>\n\t<meta property=\"og:image:width\" content=\"512\" \/>\n\t<meta property=\"og:image:height\" content=\"512\" \/>\n\t<meta property=\"og:image:type\" content=\"image\/png\" \/>\n<meta name=\"twitter:card\" content=\"summary_large_image\" \/>\n<script type=\"application\/ld+json\" class=\"yoast-schema-graph\">{\"@context\":\"https:\/\/schema.org\",\"@graph\":[{\"@type\":\"WebPage\",\"@id\":\"https:\/\/decorp.vn\/vi\/khach-hang\/\",\"url\":\"https:\/\/decorp.vn\/vi\/khach-hang\/\",\"name\":\"Kh\u00e1ch h\u00e0ng - Decorp\",\"isPartOf\":{\"@id\":\"https:\/\/decorp.vn\/#website\"},\"datePublished\":\"2025-08-27T10:03:11+00:00\",\"dateModified\":\"2025-08-28T10:01:21+00:00\",\"breadcrumb\":{\"@id\":\"https:\/\/decorp.vn\/vi\/khach-hang\/#breadcrumb\"},\"inLanguage\":\"vi\",\"potentialAction\":[{\"@type\":\"ReadAction\",\"target\":[\"https:\/\/decorp.vn\/vi\/khach-hang\/\"]}]},{\"@type\":\"BreadcrumbList\",\"@id\":\"https:\/\/decorp.vn\/vi\/khach-hang\/#breadcrumb\",\"itemListElement\":[{\"@type\":\"ListItem\",\"position\":1,\"name\":\"Home\",\"item\":\"https:\/\/decorp.vn\/vi\/\"},{\"@type\":\"ListItem\",\"position\":2,\"name\":\"Kh\u00e1ch h\u00e0ng\"}]},{\"@type\":\"WebSite\",\"@id\":\"https:\/\/decorp.vn\/#website\",\"url\":\"https:\/\/decorp.vn\/\",\"name\":\"Decorp Technology\",\"description\":\"\",\"publisher\":{\"@id\":\"https:\/\/decorp.vn\/#organization\"},\"potentialAction\":[{\"@type\":\"SearchAction\",\"target\":{\"@type\":\"EntryPoint\",\"urlTemplate\":\"https:\/\/decorp.vn\/?s={search_term_string}\"},\"query-input\":{\"@type\":\"PropertyValueSpecification\",\"valueRequired\":true,\"valueName\":\"search_term_string\"}}],\"inLanguage\":\"vi\"},{\"@type\":\"Organization\",\"@id\":\"https:\/\/decorp.vn\/#organization\",\"name\":\"Decorp Technology\",\"url\":\"https:\/\/decorp.vn\/\",\"logo\":{\"@type\":\"ImageObject\",\"inLanguage\":\"vi\",\"@id\":\"https:\/\/decorp.vn\/#\/schema\/logo\/image\/\",\"url\":\"https:\/\/decorp.vn\/wp-content\/uploads\/2025\/09\/cropped-LOGO_DOC-01.png\",\"contentUrl\":\"https:\/\/decorp.vn\/wp-content\/uploads\/2025\/09\/cropped-LOGO_DOC-01.png\",\"width\":512,\"height\":512,\"caption\":\"Decorp Technology\"},\"image\":{\"@id\":\"https:\/\/decorp.vn\/#\/schema\/logo\/image\/\"},\"sameAs\":[\"https:\/\/www.facebook.com\/profile.php?id=61577373744172\"]}]}<\/script>\n<!-- \/ Yoast SEO plugin. -->","yoast_head_json":{"title":"Kh\u00e1ch h\u00e0ng - Decorp","robots":{"index":"noindex","follow":"follow","max-snippet":"max-snippet:-1","max-image-preview":"max-image-preview:large","max-video-preview":"max-video-preview:-1"},"og_locale":"vi_VN","og_type":"article","og_title":"Kh\u00e1ch h\u00e0ng - Decorp","og_url":"https:\/\/decorp.vn\/vi\/khach-hang\/","og_site_name":"Decorp","article_publisher":"https:\/\/www.facebook.com\/profile.php?id=61577373744172","article_modified_time":"2025-08-28T10:01:21+00:00","og_image":[{"width":512,"height":512,"url":"https:\/\/decorp.vn\/wp-content\/uploads\/2025\/09\/cropped-LOGO_DOC-01.png","type":"image\/png"}],"twitter_card":"summary_large_image","schema":{"@context":"https:\/\/schema.org","@graph":[{"@type":"WebPage","@id":"https:\/\/decorp.vn\/vi\/khach-hang\/","url":"https:\/\/decorp.vn\/vi\/khach-hang\/","name":"Kh\u00e1ch h\u00e0ng - Decorp","isPartOf":{"@id":"https:\/\/decorp.vn\/#website"},"datePublished":"2025-08-27T10:03:11+00:00","dateModified":"2025-08-28T10:01:21+00:00","breadcrumb":{"@id":"https:\/\/decorp.vn\/vi\/khach-hang\/#breadcrumb"},"inLanguage":"vi","potentialAction":[{"@type":"ReadAction","target":["https:\/\/decorp.vn\/vi\/khach-hang\/"]}]},{"@type":"BreadcrumbList","@id":"https:\/\/decorp.vn\/vi\/khach-hang\/#breadcrumb","itemListElement":[{"@type":"ListItem","position":1,"name":"Home","item":"https:\/\/decorp.vn\/vi\/"},{"@type":"ListItem","position":2,"name":"Kh\u00e1ch h\u00e0ng"}]},{"@type":"WebSite","@id":"https:\/\/decorp.vn\/#website","url":"https:\/\/decorp.vn\/","name":"Decorp Technology","description":"","publisher":{"@id":"https:\/\/decorp.vn\/#organization"},"potentialAction":[{"@type":"SearchAction","target":{"@type":"EntryPoint","urlTemplate":"https:\/\/decorp.vn\/?s={search_term_string}"},"query-input":{"@type":"PropertyValueSpecification","valueRequired":true,"valueName":"search_term_string"}}],"inLanguage":"vi"},{"@type":"Organization","@id":"https:\/\/decorp.vn\/#organization","name":"Decorp Technology","url":"https:\/\/decorp.vn\/","logo":{"@type":"ImageObject","inLanguage":"vi","@id":"https:\/\/decorp.vn\/#\/schema\/logo\/image\/","url":"https:\/\/decorp.vn\/wp-content\/uploads\/2025\/09\/cropped-LOGO_DOC-01.png","contentUrl":"https:\/\/decorp.vn\/wp-content\/uploads\/2025\/09\/cropped-LOGO_DOC-01.png","width":512,"height":512,"caption":"Decorp Technology"},"image":{"@id":"https:\/\/decorp.vn\/#\/schema\/logo\/image\/"},"sameAs":["https:\/\/www.facebook.com\/profile.php?id=61577373744172"]}]}},"_links":{"self":[{"href":"https:\/\/decorp.vn\/vi\/wp-json\/wp\/v2\/pages\/955","targetHints":{"allow":["GET"]}}],"collection":[{"href":"https:\/\/decorp.vn\/vi\/wp-json\/wp\/v2\/pages"}],"about":[{"href":"https:\/\/decorp.vn\/vi\/wp-json\/wp\/v2\/types\/page"}],"author":[{"embeddable":true,"href":"https:\/\/decorp.vn\/vi\/wp-json\/wp\/v2\/users\/1"}],"replies":[{"embeddable":true,"href":"https:\/\/decorp.vn\/vi\/wp-json\/wp\/v2\/comments?post=955"}],"version-history":[{"count":0,"href":"https:\/\/decorp.vn\/vi\/wp-json\/wp\/v2\/pages\/955\/revisions"}],"wp:attachment":[{"href":"https:\/\/decorp.vn\/vi\/wp-json\/wp\/v2\/media?parent=955"}],"curies":[{"name":"wp","href":"https:\/\/api.w.org\/{rel}","templated":true}]}}