{"id":720,"date":"2025-08-18T06:44:08","date_gmt":"2025-08-18T06:44:08","guid":{"rendered":"https:\/\/decorp.vn\/product\/goi-nang-cao\/"},"modified":"2025-09-11T09:47:37","modified_gmt":"2025-09-11T09:47:37","slug":"goi-nang-cao","status":"publish","type":"product","link":"https:\/\/decorp.vn\/vi\/product\/goi-nang-cao\/","title":{"rendered":"G\u00f3i n\u00e2ng cao"},"content":{"rendered":"<p><strong>Gi\u00e1:<\/strong> 30,000,000 VND<\/p>\n<p><strong>D\u1ecbch v\u1ee5 bao g\u1ed3m:<\/strong><br \/>\n\u2013 Thi\u1ebft k\u1ebf website chuy\u00ean nghi\u1ec7p: Thi\u1ebft k\u1ebf giao di\u1ec7n \u0111\u1eb9p m\u1eaft, t\u01b0\u01a1ng th\u00edch v\u1edbi thi\u1ebft b\u1ecb di \u0111\u1ed9ng.<br \/>\n\u2013 C\u00e0i \u0111\u1eb7t CMS v\u1edbi t\u00ednh n\u0103ng n\u00e2ng cao<br \/>\n\u2013 T\u00edch h\u1ee3p c\u00f4ng c\u1ee5 SEO v\u00e0 ph\u00e2n t\u00edch n\u00e2ng cao<br \/>\n\u2013 \u0110\u00e0o t\u1ea1o qu\u1ea3n l\u00fd website: Cung c\u1ea5p kh\u00f3a \u0111\u00e0o t\u1ea1o c\u01a1 b\u1ea3n v\u1ec1 c\u00e1ch qu\u1ea3n l\u00fd website v\u00e0 c\u1eadp nh\u1eadt n\u1ed9i dung.<br \/>\n\u2013 H\u1ed7 tr\u1ee3 k\u1ef9 thu\u1eadt: 2 th\u00e1ng h\u1ed7 tr\u1ee3 k\u1ef9 thu\u1eadt tr\u1ef1c tuy\u1ebfn.<\/p>\n<p><strong>D\u00e0nh cho:<\/strong> C\u00e1c doanh nghi\u1ec7p v\u1eeba mu\u1ed1n x\u00e2y d\u1ef1ng m\u1ed9t n\u1ec1n t\u1ea3ng b\u00e1n h\u00e0ng tr\u1ef1c tuy\u1ebfn v\u1edbi t\u00ednh n\u0103ng \u0111\u1ea7y \u0111\u1ee7.<\/p>\n","protected":false},"excerpt":{"rendered":"<p>Gi\u00e1: 30,000,000 VND D\u1ecbch v\u1ee5 bao g\u1ed3m: \u2013 Thi\u1ebft k\u1ebf website chuy\u00ean nghi\u1ec7p: Thi\u1ebft k\u1ebf giao di\u1ec7n \u0111\u1eb9p m\u1eaft, t\u01b0\u01a1ng th\u00edch v\u1edbi thi\u1ebft b\u1ecb di \u0111\u1ed9ng. \u2013 C\u00e0i \u0111\u1eb7t CMS v\u1edbi t\u00ednh n\u0103ng n\u00e2ng cao \u2013 T\u00edch h\u1ee3p c\u00f4ng c\u1ee5 SEO v\u00e0 ph\u00e2n t\u00edch n\u00e2ng cao \u2013 \u0110\u00e0o t\u1ea1o qu\u1ea3n l\u00fd website: Cung c\u1ea5p kh\u00f3a [&hellip;]<\/p>\n","protected":false},"featured_media":724,"comment_status":"closed","ping_status":"closed","template":"","meta":{"_acf_changed":false},"product_brand":[],"product_cat":[46],"product_tag":[],"class_list":{"0":"post-720","1":"product","2":"type-product","3":"status-publish","4":"has-post-thumbnail","6":"product_cat-package-vi","8":"first","9":"instock","10":"sold-individually","11":"shipping-taxable","12":"purchasable","13":"product-type-simple"},"acf":[],"yoast_head":"<!-- This site is optimized with the Yoast SEO plugin v25.2 - https:\/\/yoast.com\/wordpress\/plugins\/seo\/ -->\n<title>G\u00f3i n\u00e2ng cao - Decorp<\/title>\n<meta name=\"robots\" content=\"noindex, follow, max-snippet:-1, max-image-preview:large, max-video-preview:-1\" \/>\n<meta property=\"og:locale\" content=\"vi_VN\" \/>\n<meta property=\"og:type\" content=\"article\" \/>\n<meta property=\"og:title\" content=\"G\u00f3i n\u00e2ng cao - Decorp\" \/>\n<meta property=\"og:description\" content=\"Gi\u00e1: 30,000,000 VND D\u1ecbch v\u1ee5 bao g\u1ed3m: \u2013 Thi\u1ebft k\u1ebf website chuy\u00ean nghi\u1ec7p: Thi\u1ebft k\u1ebf giao di\u1ec7n \u0111\u1eb9p m\u1eaft, t\u01b0\u01a1ng th\u00edch v\u1edbi thi\u1ebft b\u1ecb di \u0111\u1ed9ng. \u2013 C\u00e0i \u0111\u1eb7t CMS v\u1edbi t\u00ednh n\u0103ng n\u00e2ng cao \u2013 T\u00edch h\u1ee3p c\u00f4ng c\u1ee5 SEO v\u00e0 ph\u00e2n t\u00edch n\u00e2ng cao \u2013 \u0110\u00e0o t\u1ea1o qu\u1ea3n l\u00fd website: Cung c\u1ea5p kh\u00f3a [&hellip;]\" \/>\n<meta property=\"og:url\" content=\"https:\/\/decorp.vn\/vi\/product\/goi-nang-cao\/\" \/>\n<meta property=\"og:site_name\" content=\"Decorp\" \/>\n<meta property=\"article:publisher\" content=\"https:\/\/www.facebook.com\/profile.php?id=61577373744172\" \/>\n<meta property=\"article:modified_time\" content=\"2025-09-11T09:47:37+00:00\" \/>\n<meta property=\"og:image\" content=\"https:\/\/decorp.vn\/wp-content\/uploads\/2025\/08\/goi-nang-cao.webp\" \/>\n\t<meta property=\"og:image:width\" content=\"1080\" \/>\n\t<meta property=\"og:image:height\" content=\"1080\" \/>\n\t<meta property=\"og:image:type\" content=\"image\/webp\" \/>\n<meta name=\"twitter:card\" content=\"summary_large_image\" \/>\n<meta name=\"twitter:label1\" content=\"\u01af\u1edbc t\u00ednh th\u1eddi gian \u0111\u1ecdc\" \/>\n\t<meta name=\"twitter:data1\" content=\"1 ph\u00fat\" \/>\n<script type=\"application\/ld+json\" class=\"yoast-schema-graph\">{\"@context\":\"https:\/\/schema.org\",\"@graph\":[{\"@type\":\"WebPage\",\"@id\":\"https:\/\/decorp.vn\/vi\/product\/goi-nang-cao\/\",\"url\":\"https:\/\/decorp.vn\/vi\/product\/goi-nang-cao\/\",\"name\":\"G\u00f3i n\u00e2ng cao - Decorp\",\"isPartOf\":{\"@id\":\"https:\/\/decorp.vn\/#website\"},\"primaryImageOfPage\":{\"@id\":\"https:\/\/decorp.vn\/vi\/product\/goi-nang-cao\/#primaryimage\"},\"image\":{\"@id\":\"https:\/\/decorp.vn\/vi\/product\/goi-nang-cao\/#primaryimage\"},\"thumbnailUrl\":\"https:\/\/decorp.vn\/wp-content\/uploads\/2025\/08\/goi-nang-cao.webp\",\"datePublished\":\"2025-08-18T06:44:08+00:00\",\"dateModified\":\"2025-09-11T09:47:37+00:00\",\"breadcrumb\":{\"@id\":\"https:\/\/decorp.vn\/vi\/product\/goi-nang-cao\/#breadcrumb\"},\"inLanguage\":\"vi\",\"potentialAction\":[{\"@type\":\"ReadAction\",\"target\":[\"https:\/\/decorp.vn\/vi\/product\/goi-nang-cao\/\"]}]},{\"@type\":\"ImageObject\",\"inLanguage\":\"vi\",\"@id\":\"https:\/\/decorp.vn\/vi\/product\/goi-nang-cao\/#primaryimage\",\"url\":\"https:\/\/decorp.vn\/wp-content\/uploads\/2025\/08\/goi-nang-cao.webp\",\"contentUrl\":\"https:\/\/decorp.vn\/wp-content\/uploads\/2025\/08\/goi-nang-cao.webp\",\"width\":1080,\"height\":1080,\"caption\":\"goi-nang-cao\"},{\"@type\":\"BreadcrumbList\",\"@id\":\"https:\/\/decorp.vn\/vi\/product\/goi-nang-cao\/#breadcrumb\",\"itemListElement\":[{\"@type\":\"ListItem\",\"position\":1,\"name\":\"Home\",\"item\":\"https:\/\/decorp.vn\/vi\/\"},{\"@type\":\"ListItem\",\"position\":2,\"name\":\"G\u00f3i n\u00e2ng cao\"}]},{\"@type\":\"WebSite\",\"@id\":\"https:\/\/decorp.vn\/#website\",\"url\":\"https:\/\/decorp.vn\/\",\"name\":\"Decorp Technology\",\"description\":\"\",\"publisher\":{\"@id\":\"https:\/\/decorp.vn\/#organization\"},\"potentialAction\":[{\"@type\":\"SearchAction\",\"target\":{\"@type\":\"EntryPoint\",\"urlTemplate\":\"https:\/\/decorp.vn\/?s={search_term_string}\"},\"query-input\":{\"@type\":\"PropertyValueSpecification\",\"valueRequired\":true,\"valueName\":\"search_term_string\"}}],\"inLanguage\":\"vi\"},{\"@type\":\"Organization\",\"@id\":\"https:\/\/decorp.vn\/#organization\",\"name\":\"Decorp Technology\",\"url\":\"https:\/\/decorp.vn\/\",\"logo\":{\"@type\":\"ImageObject\",\"inLanguage\":\"vi\",\"@id\":\"https:\/\/decorp.vn\/#\/schema\/logo\/image\/\",\"url\":\"https:\/\/decorp.vn\/wp-content\/uploads\/2025\/09\/cropped-LOGO_DOC-01.png\",\"contentUrl\":\"https:\/\/decorp.vn\/wp-content\/uploads\/2025\/09\/cropped-LOGO_DOC-01.png\",\"width\":512,\"height\":512,\"caption\":\"Decorp Technology\"},\"image\":{\"@id\":\"https:\/\/decorp.vn\/#\/schema\/logo\/image\/\"},\"sameAs\":[\"https:\/\/www.facebook.com\/profile.php?id=61577373744172\"]}]}<\/script>\n<!-- \/ Yoast SEO plugin. -->","yoast_head_json":{"title":"G\u00f3i n\u00e2ng cao - Decorp","robots":{"index":"noindex","follow":"follow","max-snippet":"max-snippet:-1","max-image-preview":"max-image-preview:large","max-video-preview":"max-video-preview:-1"},"og_locale":"vi_VN","og_type":"article","og_title":"G\u00f3i n\u00e2ng cao - Decorp","og_description":"Gi\u00e1: 30,000,000 VND D\u1ecbch v\u1ee5 bao g\u1ed3m: \u2013 Thi\u1ebft k\u1ebf website chuy\u00ean nghi\u1ec7p: Thi\u1ebft k\u1ebf giao di\u1ec7n \u0111\u1eb9p m\u1eaft, t\u01b0\u01a1ng th\u00edch v\u1edbi thi\u1ebft b\u1ecb di \u0111\u1ed9ng. \u2013 C\u00e0i \u0111\u1eb7t CMS v\u1edbi t\u00ednh n\u0103ng n\u00e2ng cao \u2013 T\u00edch h\u1ee3p c\u00f4ng c\u1ee5 SEO v\u00e0 ph\u00e2n t\u00edch n\u00e2ng cao \u2013 \u0110\u00e0o t\u1ea1o qu\u1ea3n l\u00fd website: Cung c\u1ea5p kh\u00f3a [&hellip;]","og_url":"https:\/\/decorp.vn\/vi\/product\/goi-nang-cao\/","og_site_name":"Decorp","article_publisher":"https:\/\/www.facebook.com\/profile.php?id=61577373744172","article_modified_time":"2025-09-11T09:47:37+00:00","og_image":[{"width":1080,"height":1080,"url":"https:\/\/decorp.vn\/wp-content\/uploads\/2025\/08\/goi-nang-cao.webp","type":"image\/webp"}],"twitter_card":"summary_large_image","twitter_misc":{"\u01af\u1edbc t\u00ednh th\u1eddi gian \u0111\u1ecdc":"1 ph\u00fat"},"schema":{"@context":"https:\/\/schema.org","@graph":[{"@type":"WebPage","@id":"https:\/\/decorp.vn\/vi\/product\/goi-nang-cao\/","url":"https:\/\/decorp.vn\/vi\/product\/goi-nang-cao\/","name":"G\u00f3i n\u00e2ng cao - Decorp","isPartOf":{"@id":"https:\/\/decorp.vn\/#website"},"primaryImageOfPage":{"@id":"https:\/\/decorp.vn\/vi\/product\/goi-nang-cao\/#primaryimage"},"image":{"@id":"https:\/\/decorp.vn\/vi\/product\/goi-nang-cao\/#primaryimage"},"thumbnailUrl":"https:\/\/decorp.vn\/wp-content\/uploads\/2025\/08\/goi-nang-cao.webp","datePublished":"2025-08-18T06:44:08+00:00","dateModified":"2025-09-11T09:47:37+00:00","breadcrumb":{"@id":"https:\/\/decorp.vn\/vi\/product\/goi-nang-cao\/#breadcrumb"},"inLanguage":"vi","potentialAction":[{"@type":"ReadAction","target":["https:\/\/decorp.vn\/vi\/product\/goi-nang-cao\/"]}]},{"@type":"ImageObject","inLanguage":"vi","@id":"https:\/\/decorp.vn\/vi\/product\/goi-nang-cao\/#primaryimage","url":"https:\/\/decorp.vn\/wp-content\/uploads\/2025\/08\/goi-nang-cao.webp","contentUrl":"https:\/\/decorp.vn\/wp-content\/uploads\/2025\/08\/goi-nang-cao.webp","width":1080,"height":1080,"caption":"goi-nang-cao"},{"@type":"BreadcrumbList","@id":"https:\/\/decorp.vn\/vi\/product\/goi-nang-cao\/#breadcrumb","itemListElement":[{"@type":"ListItem","position":1,"name":"Home","item":"https:\/\/decorp.vn\/vi\/"},{"@type":"ListItem","position":2,"name":"G\u00f3i n\u00e2ng cao"}]},{"@type":"WebSite","@id":"https:\/\/decorp.vn\/#website","url":"https:\/\/decorp.vn\/","name":"Decorp Technology","description":"","publisher":{"@id":"https:\/\/decorp.vn\/#organization"},"potentialAction":[{"@type":"SearchAction","target":{"@type":"EntryPoint","urlTemplate":"https:\/\/decorp.vn\/?s={search_term_string}"},"query-input":{"@type":"PropertyValueSpecification","valueRequired":true,"valueName":"search_term_string"}}],"inLanguage":"vi"},{"@type":"Organization","@id":"https:\/\/decorp.vn\/#organization","name":"Decorp Technology","url":"https:\/\/decorp.vn\/","logo":{"@type":"ImageObject","inLanguage":"vi","@id":"https:\/\/decorp.vn\/#\/schema\/logo\/image\/","url":"https:\/\/decorp.vn\/wp-content\/uploads\/2025\/09\/cropped-LOGO_DOC-01.png","contentUrl":"https:\/\/decorp.vn\/wp-content\/uploads\/2025\/09\/cropped-LOGO_DOC-01.png","width":512,"height":512,"caption":"Decorp Technology"},"image":{"@id":"https:\/\/decorp.vn\/#\/schema\/logo\/image\/"},"sameAs":["https:\/\/www.facebook.com\/profile.php?id=61577373744172"]}]}},"_links":{"self":[{"href":"https:\/\/decorp.vn\/vi\/wp-json\/wp\/v2\/product\/720","targetHints":{"allow":["GET"]}}],"collection":[{"href":"https:\/\/decorp.vn\/vi\/wp-json\/wp\/v2\/product"}],"about":[{"href":"https:\/\/decorp.vn\/vi\/wp-json\/wp\/v2\/types\/product"}],"replies":[{"embeddable":true,"href":"https:\/\/decorp.vn\/vi\/wp-json\/wp\/v2\/comments?post=720"}],"wp:featuredmedia":[{"embeddable":true,"href":"https:\/\/decorp.vn\/vi\/wp-json\/wp\/v2\/media\/724"}],"wp:attachment":[{"href":"https:\/\/decorp.vn\/vi\/wp-json\/wp\/v2\/media?parent=720"}],"wp:term":[{"taxonomy":"product_brand","embeddable":true,"href":"https:\/\/decorp.vn\/vi\/wp-json\/wp\/v2\/product_brand?post=720"},{"taxonomy":"product_cat","embeddable":true,"href":"https:\/\/decorp.vn\/vi\/wp-json\/wp\/v2\/product_cat?post=720"},{"taxonomy":"product_tag","embeddable":true,"href":"https:\/\/decorp.vn\/vi\/wp-json\/wp\/v2\/product_tag?post=720"}],"curies":[{"name":"wp","href":"https:\/\/api.w.org\/{rel}","templated":true}]}}