{"id":721,"date":"2025-08-18T06:51:34","date_gmt":"2025-08-18T06:51:34","guid":{"rendered":"https:\/\/decorp.vn\/product\/goi-chuyen-nghiep\/"},"modified":"2025-09-11T09:43:17","modified_gmt":"2025-09-11T09:43:17","slug":"goi-chuyen-nghiep","status":"publish","type":"product","link":"https:\/\/decorp.vn\/vi\/product\/goi-chuyen-nghiep\/","title":{"rendered":"G\u00f3i chuy\u00ean nghi\u1ec7p"},"content":{"rendered":"<p><strong>Gi\u00e1:<\/strong> 50,000,000 VND<\/p>\n<p><strong>D\u1ecbch v\u1ee5 bao g\u1ed3m:<\/strong><br \/>\n\u2013 Thi\u1ebft k\u1ebf website \u0111\u1ed9c quy\u1ec1n: T\u00f9y ch\u1ec9nh thi\u1ebft k\u1ebf \u0111\u1ed9c \u0111\u00e1o cho th\u01b0\u01a1ng hi\u1ec7u.<br \/>\n\u2013 T\u00edch h\u1ee3p \u0111\u1ea7y \u0111\u1ee7 e-commerce<br \/>\n\u2013 T\u1ed1i \u01b0u h\u00f3a SEO to\u00e0n di\u1ec7n<br \/>\n\u2013 T\u00edch h\u1ee3p c\u00f4ng c\u1ee5 marketing: Li\u00ean k\u1ebft v\u1edbi c\u00f4ng c\u1ee5 email marketing, m\u1ea1ng x\u00e3 h\u1ed9i, qu\u1ea3ng c\u00e1o<br \/>\n\u2013 \u0110\u00e0o t\u1ea1o v\u00e0 h\u1ed7 tr\u1ee3 n\u00e2ng cao: H\u01b0\u1edbng d\u1eabn chi ti\u1ebft c\u00e1ch qu\u1ea3n l\u00fd website v\u00e0 c\u00f4ng c\u1ee5 marketing, h\u1ed7 tr\u1ee3 qua \u0111i\u1ec7n tho\u1ea1i ho\u1eb7c email trong 3 th\u00e1ng.<br \/>\n\u2013 C\u1eadp nh\u1eadt n\u1ed9i dung \u0111\u1ecbnh k\u1ef3: Cung c\u1ea5p d\u1ecbch v\u1ee5 c\u1eadp nh\u1eadt n\u1ed9i dung 1 l\u1ea7n\/th\u00e1ng trong 3 th\u00e1ng.<\/p>\n<p><strong>D\u00e0nh cho:<\/strong> C\u00e1c doanh nghi\u1ec7p mu\u1ed1n x\u00e2y d\u1ef1ng m\u1ed9t website th\u01b0\u01a1ng m\u1ea1i \u0111i\u1ec7n t\u1eed v\u1edbi c\u00e1c t\u00ednh n\u0103ng m\u1ea1nh m\u1ebd v\u00e0 t\u1ed1i \u01b0u h\u00f3a marketing.<\/p>\n","protected":false},"excerpt":{"rendered":"<p>Gi\u00e1: 50,000,000 VND D\u1ecbch v\u1ee5 bao g\u1ed3m: \u2013 Thi\u1ebft k\u1ebf website \u0111\u1ed9c quy\u1ec1n: T\u00f9y ch\u1ec9nh thi\u1ebft k\u1ebf \u0111\u1ed9c \u0111\u00e1o cho th\u01b0\u01a1ng hi\u1ec7u. \u2013 T\u00edch h\u1ee3p \u0111\u1ea7y \u0111\u1ee7 e-commerce \u2013 T\u1ed1i \u01b0u h\u00f3a SEO to\u00e0n di\u1ec7n \u2013 T\u00edch h\u1ee3p c\u00f4ng c\u1ee5 marketing: Li\u00ean k\u1ebft v\u1edbi c\u00f4ng c\u1ee5 email marketing, m\u1ea1ng x\u00e3 h\u1ed9i, qu\u1ea3ng c\u00e1o \u2013 \u0110\u00e0o [&hellip;]<\/p>\n","protected":false},"featured_media":725,"comment_status":"closed","ping_status":"closed","template":"","meta":{"_acf_changed":false},"product_brand":[],"product_cat":[46],"product_tag":[],"class_list":{"0":"post-721","1":"product","2":"type-product","3":"status-publish","4":"has-post-thumbnail","6":"product_cat-package-vi","8":"first","9":"instock","10":"sold-individually","11":"shipping-taxable","12":"purchasable","13":"product-type-simple"},"acf":[],"yoast_head":"<!-- This site is optimized with the Yoast SEO plugin v25.2 - https:\/\/yoast.com\/wordpress\/plugins\/seo\/ -->\n<title>G\u00f3i chuy\u00ean nghi\u1ec7p - Decorp<\/title>\n<meta name=\"robots\" content=\"noindex, follow, max-snippet:-1, max-image-preview:large, max-video-preview:-1\" \/>\n<meta property=\"og:locale\" content=\"vi_VN\" \/>\n<meta property=\"og:type\" content=\"article\" \/>\n<meta property=\"og:title\" content=\"G\u00f3i chuy\u00ean nghi\u1ec7p - Decorp\" \/>\n<meta property=\"og:description\" content=\"Gi\u00e1: 50,000,000 VND D\u1ecbch v\u1ee5 bao g\u1ed3m: \u2013 Thi\u1ebft k\u1ebf website \u0111\u1ed9c quy\u1ec1n: T\u00f9y ch\u1ec9nh thi\u1ebft k\u1ebf \u0111\u1ed9c \u0111\u00e1o cho th\u01b0\u01a1ng hi\u1ec7u. \u2013 T\u00edch h\u1ee3p \u0111\u1ea7y \u0111\u1ee7 e-commerce \u2013 T\u1ed1i \u01b0u h\u00f3a SEO to\u00e0n di\u1ec7n \u2013 T\u00edch h\u1ee3p c\u00f4ng c\u1ee5 marketing: Li\u00ean k\u1ebft v\u1edbi c\u00f4ng c\u1ee5 email marketing, m\u1ea1ng x\u00e3 h\u1ed9i, qu\u1ea3ng c\u00e1o \u2013 \u0110\u00e0o [&hellip;]\" \/>\n<meta property=\"og:url\" content=\"https:\/\/decorp.vn\/vi\/product\/goi-chuyen-nghiep\/\" \/>\n<meta property=\"og:site_name\" content=\"Decorp\" \/>\n<meta property=\"article:publisher\" content=\"https:\/\/www.facebook.com\/profile.php?id=61577373744172\" \/>\n<meta property=\"article:modified_time\" content=\"2025-09-11T09:43:17+00:00\" \/>\n<meta property=\"og:image\" content=\"https:\/\/decorp.vn\/wp-content\/uploads\/2025\/08\/goi-chuyen-nghiep.webp\" \/>\n\t<meta property=\"og:image:width\" content=\"1080\" \/>\n\t<meta property=\"og:image:height\" content=\"1080\" \/>\n\t<meta property=\"og:image:type\" content=\"image\/webp\" \/>\n<meta name=\"twitter:card\" content=\"summary_large_image\" \/>\n<meta name=\"twitter:label1\" content=\"\u01af\u1edbc t\u00ednh th\u1eddi gian \u0111\u1ecdc\" \/>\n\t<meta name=\"twitter:data1\" content=\"1 ph\u00fat\" \/>\n<script type=\"application\/ld+json\" class=\"yoast-schema-graph\">{\"@context\":\"https:\/\/schema.org\",\"@graph\":[{\"@type\":\"WebPage\",\"@id\":\"https:\/\/decorp.vn\/vi\/product\/goi-chuyen-nghiep\/\",\"url\":\"https:\/\/decorp.vn\/vi\/product\/goi-chuyen-nghiep\/\",\"name\":\"G\u00f3i chuy\u00ean nghi\u1ec7p - Decorp\",\"isPartOf\":{\"@id\":\"https:\/\/decorp.vn\/#website\"},\"primaryImageOfPage\":{\"@id\":\"https:\/\/decorp.vn\/vi\/product\/goi-chuyen-nghiep\/#primaryimage\"},\"image\":{\"@id\":\"https:\/\/decorp.vn\/vi\/product\/goi-chuyen-nghiep\/#primaryimage\"},\"thumbnailUrl\":\"https:\/\/decorp.vn\/wp-content\/uploads\/2025\/08\/goi-chuyen-nghiep.webp\",\"datePublished\":\"2025-08-18T06:51:34+00:00\",\"dateModified\":\"2025-09-11T09:43:17+00:00\",\"breadcrumb\":{\"@id\":\"https:\/\/decorp.vn\/vi\/product\/goi-chuyen-nghiep\/#breadcrumb\"},\"inLanguage\":\"vi\",\"potentialAction\":[{\"@type\":\"ReadAction\",\"target\":[\"https:\/\/decorp.vn\/vi\/product\/goi-chuyen-nghiep\/\"]}]},{\"@type\":\"ImageObject\",\"inLanguage\":\"vi\",\"@id\":\"https:\/\/decorp.vn\/vi\/product\/goi-chuyen-nghiep\/#primaryimage\",\"url\":\"https:\/\/decorp.vn\/wp-content\/uploads\/2025\/08\/goi-chuyen-nghiep.webp\",\"contentUrl\":\"https:\/\/decorp.vn\/wp-content\/uploads\/2025\/08\/goi-chuyen-nghiep.webp\",\"width\":1080,\"height\":1080,\"caption\":\"goi-chuyen-nghiep\"},{\"@type\":\"BreadcrumbList\",\"@id\":\"https:\/\/decorp.vn\/vi\/product\/goi-chuyen-nghiep\/#breadcrumb\",\"itemListElement\":[{\"@type\":\"ListItem\",\"position\":1,\"name\":\"Home\",\"item\":\"https:\/\/decorp.vn\/vi\/\"},{\"@type\":\"ListItem\",\"position\":2,\"name\":\"G\u00f3i chuy\u00ean nghi\u1ec7p\"}]},{\"@type\":\"WebSite\",\"@id\":\"https:\/\/decorp.vn\/#website\",\"url\":\"https:\/\/decorp.vn\/\",\"name\":\"Decorp Technology\",\"description\":\"\",\"publisher\":{\"@id\":\"https:\/\/decorp.vn\/#organization\"},\"potentialAction\":[{\"@type\":\"SearchAction\",\"target\":{\"@type\":\"EntryPoint\",\"urlTemplate\":\"https:\/\/decorp.vn\/?s={search_term_string}\"},\"query-input\":{\"@type\":\"PropertyValueSpecification\",\"valueRequired\":true,\"valueName\":\"search_term_string\"}}],\"inLanguage\":\"vi\"},{\"@type\":\"Organization\",\"@id\":\"https:\/\/decorp.vn\/#organization\",\"name\":\"Decorp Technology\",\"url\":\"https:\/\/decorp.vn\/\",\"logo\":{\"@type\":\"ImageObject\",\"inLanguage\":\"vi\",\"@id\":\"https:\/\/decorp.vn\/#\/schema\/logo\/image\/\",\"url\":\"https:\/\/decorp.vn\/wp-content\/uploads\/2025\/09\/cropped-LOGO_DOC-01.png\",\"contentUrl\":\"https:\/\/decorp.vn\/wp-content\/uploads\/2025\/09\/cropped-LOGO_DOC-01.png\",\"width\":512,\"height\":512,\"caption\":\"Decorp Technology\"},\"image\":{\"@id\":\"https:\/\/decorp.vn\/#\/schema\/logo\/image\/\"},\"sameAs\":[\"https:\/\/www.facebook.com\/profile.php?id=61577373744172\"]}]}<\/script>\n<!-- \/ Yoast SEO plugin. -->","yoast_head_json":{"title":"G\u00f3i chuy\u00ean nghi\u1ec7p - Decorp","robots":{"index":"noindex","follow":"follow","max-snippet":"max-snippet:-1","max-image-preview":"max-image-preview:large","max-video-preview":"max-video-preview:-1"},"og_locale":"vi_VN","og_type":"article","og_title":"G\u00f3i chuy\u00ean nghi\u1ec7p - Decorp","og_description":"Gi\u00e1: 50,000,000 VND D\u1ecbch v\u1ee5 bao g\u1ed3m: \u2013 Thi\u1ebft k\u1ebf website \u0111\u1ed9c quy\u1ec1n: T\u00f9y ch\u1ec9nh thi\u1ebft k\u1ebf \u0111\u1ed9c \u0111\u00e1o cho th\u01b0\u01a1ng hi\u1ec7u. \u2013 T\u00edch h\u1ee3p \u0111\u1ea7y \u0111\u1ee7 e-commerce \u2013 T\u1ed1i \u01b0u h\u00f3a SEO to\u00e0n di\u1ec7n \u2013 T\u00edch h\u1ee3p c\u00f4ng c\u1ee5 marketing: Li\u00ean k\u1ebft v\u1edbi c\u00f4ng c\u1ee5 email marketing, m\u1ea1ng x\u00e3 h\u1ed9i, qu\u1ea3ng c\u00e1o \u2013 \u0110\u00e0o [&hellip;]","og_url":"https:\/\/decorp.vn\/vi\/product\/goi-chuyen-nghiep\/","og_site_name":"Decorp","article_publisher":"https:\/\/www.facebook.com\/profile.php?id=61577373744172","article_modified_time":"2025-09-11T09:43:17+00:00","og_image":[{"width":1080,"height":1080,"url":"https:\/\/decorp.vn\/wp-content\/uploads\/2025\/08\/goi-chuyen-nghiep.webp","type":"image\/webp"}],"twitter_card":"summary_large_image","twitter_misc":{"\u01af\u1edbc t\u00ednh th\u1eddi gian \u0111\u1ecdc":"1 ph\u00fat"},"schema":{"@context":"https:\/\/schema.org","@graph":[{"@type":"WebPage","@id":"https:\/\/decorp.vn\/vi\/product\/goi-chuyen-nghiep\/","url":"https:\/\/decorp.vn\/vi\/product\/goi-chuyen-nghiep\/","name":"G\u00f3i chuy\u00ean nghi\u1ec7p - Decorp","isPartOf":{"@id":"https:\/\/decorp.vn\/#website"},"primaryImageOfPage":{"@id":"https:\/\/decorp.vn\/vi\/product\/goi-chuyen-nghiep\/#primaryimage"},"image":{"@id":"https:\/\/decorp.vn\/vi\/product\/goi-chuyen-nghiep\/#primaryimage"},"thumbnailUrl":"https:\/\/decorp.vn\/wp-content\/uploads\/2025\/08\/goi-chuyen-nghiep.webp","datePublished":"2025-08-18T06:51:34+00:00","dateModified":"2025-09-11T09:43:17+00:00","breadcrumb":{"@id":"https:\/\/decorp.vn\/vi\/product\/goi-chuyen-nghiep\/#breadcrumb"},"inLanguage":"vi","potentialAction":[{"@type":"ReadAction","target":["https:\/\/decorp.vn\/vi\/product\/goi-chuyen-nghiep\/"]}]},{"@type":"ImageObject","inLanguage":"vi","@id":"https:\/\/decorp.vn\/vi\/product\/goi-chuyen-nghiep\/#primaryimage","url":"https:\/\/decorp.vn\/wp-content\/uploads\/2025\/08\/goi-chuyen-nghiep.webp","contentUrl":"https:\/\/decorp.vn\/wp-content\/uploads\/2025\/08\/goi-chuyen-nghiep.webp","width":1080,"height":1080,"caption":"goi-chuyen-nghiep"},{"@type":"BreadcrumbList","@id":"https:\/\/decorp.vn\/vi\/product\/goi-chuyen-nghiep\/#breadcrumb","itemListElement":[{"@type":"ListItem","position":1,"name":"Home","item":"https:\/\/decorp.vn\/vi\/"},{"@type":"ListItem","position":2,"name":"G\u00f3i chuy\u00ean nghi\u1ec7p"}]},{"@type":"WebSite","@id":"https:\/\/decorp.vn\/#website","url":"https:\/\/decorp.vn\/","name":"Decorp Technology","description":"","publisher":{"@id":"https:\/\/decorp.vn\/#organization"},"potentialAction":[{"@type":"SearchAction","target":{"@type":"EntryPoint","urlTemplate":"https:\/\/decorp.vn\/?s={search_term_string}"},"query-input":{"@type":"PropertyValueSpecification","valueRequired":true,"valueName":"search_term_string"}}],"inLanguage":"vi"},{"@type":"Organization","@id":"https:\/\/decorp.vn\/#organization","name":"Decorp Technology","url":"https:\/\/decorp.vn\/","logo":{"@type":"ImageObject","inLanguage":"vi","@id":"https:\/\/decorp.vn\/#\/schema\/logo\/image\/","url":"https:\/\/decorp.vn\/wp-content\/uploads\/2025\/09\/cropped-LOGO_DOC-01.png","contentUrl":"https:\/\/decorp.vn\/wp-content\/uploads\/2025\/09\/cropped-LOGO_DOC-01.png","width":512,"height":512,"caption":"Decorp Technology"},"image":{"@id":"https:\/\/decorp.vn\/#\/schema\/logo\/image\/"},"sameAs":["https:\/\/www.facebook.com\/profile.php?id=61577373744172"]}]}},"_links":{"self":[{"href":"https:\/\/decorp.vn\/vi\/wp-json\/wp\/v2\/product\/721","targetHints":{"allow":["GET"]}}],"collection":[{"href":"https:\/\/decorp.vn\/vi\/wp-json\/wp\/v2\/product"}],"about":[{"href":"https:\/\/decorp.vn\/vi\/wp-json\/wp\/v2\/types\/product"}],"replies":[{"embeddable":true,"href":"https:\/\/decorp.vn\/vi\/wp-json\/wp\/v2\/comments?post=721"}],"wp:featuredmedia":[{"embeddable":true,"href":"https:\/\/decorp.vn\/vi\/wp-json\/wp\/v2\/media\/725"}],"wp:attachment":[{"href":"https:\/\/decorp.vn\/vi\/wp-json\/wp\/v2\/media?parent=721"}],"wp:term":[{"taxonomy":"product_brand","embeddable":true,"href":"https:\/\/decorp.vn\/vi\/wp-json\/wp\/v2\/product_brand?post=721"},{"taxonomy":"product_cat","embeddable":true,"href":"https:\/\/decorp.vn\/vi\/wp-json\/wp\/v2\/product_cat?post=721"},{"taxonomy":"product_tag","embeddable":true,"href":"https:\/\/decorp.vn\/vi\/wp-json\/wp\/v2\/product_tag?post=721"}],"curies":[{"name":"wp","href":"https:\/\/api.w.org\/{rel}","templated":true}]}}