{"id":722,"date":"2025-08-18T06:53:52","date_gmt":"2025-08-18T06:53:52","guid":{"rendered":"https:\/\/decorp.vn\/product\/goi-cao-cap\/"},"modified":"2025-09-11T09:42:29","modified_gmt":"2025-09-11T09:42:29","slug":"goi-cao-cap","status":"publish","type":"product","link":"https:\/\/decorp.vn\/vi\/product\/goi-cao-cap\/","title":{"rendered":"G\u00f3i cao c\u1ea5p"},"content":{"rendered":"<p><strong>Gi\u00e1:<\/strong> 100,000,000 VND<\/p>\n<p><strong>D\u1ecbch v\u1ee5 bao g\u1ed3m:<\/strong><br \/>\n\u2013 Thi\u1ebft k\u1ebf website t\u00f9y ch\u1ec9nh cao c\u1ea5p: Giao di\u1ec7n \u0111\u1ed9c \u0111\u00e1o, t\u00edch h\u1ee3p nhi\u1ec1u t\u00ednh n\u0103ng \u0111\u1eb7c bi\u1ec7t nh\u01b0 multi-vendor, h\u1ec7 th\u1ed1ng \u0111\u00e1nh gi\u00e1 s\u1ea3n ph\u1ea9m, chatbot, v\u00e0 t\u00edch h\u1ee3p API v\u1edbi c\u00e1c h\u1ec7 th\u1ed1ng b\u00ean ngo\u00e0i.<br \/>\n\u2013 T\u00edch h\u1ee3p t\u00ednh n\u0103ng e-commerce ti\u00ean ti\u1ebfn: H\u1ec7 th\u1ed1ng qu\u1ea3n l\u00fd s\u1ea3n ph\u1ea9m, thanh to\u00e1n tr\u1ef1c tuy\u1ebfn, qu\u1ea3n l\u00fd kho, b\u00e1o c\u00e1o doanh thu, ph\u00e2n t\u00edch d\u1eef li\u1ec7u ng\u01b0\u1eddi d\u00f9ng.<br \/>\n\u2013 T\u1ed1i \u01b0u SEO v\u00e0 chi\u1ebfn l\u01b0\u1ee3c marketing chuy\u00ean nghi\u1ec7p.<br \/>\n\u2013 H\u1ed7 tr\u1ee3 tri\u1ec3n khai chi\u1ebfn l\u01b0\u1ee3c b\u00e1n h\u00e0ng: T\u01b0 v\u1ea5n v\u1ec1 chi\u1ebfn l\u01b0\u1ee3c gi\u00e1, chi\u1ebfn l\u01b0\u1ee3c ti\u1ebfp th\u1ecb v\u00e0 qu\u1ea3ng c\u00e1o, t\u1ed1i \u01b0u h\u00f3a tr\u1ea3i nghi\u1ec7m kh\u00e1ch h\u00e0ng.<br \/>\n\u2013 \u0110\u00e0o t\u1ea1o v\u00e0 h\u1ed7 tr\u1ee3 to\u00e0n di\u1ec7n: \u0110\u00e0o t\u1ea1o s\u1eed d\u1ee5ng h\u1ec7 th\u1ed1ng v\u00e0 cung c\u1ea5p h\u1ed7 tr\u1ee3 k\u1ef9 thu\u1eadt 24\/7 trong 6 th\u00e1ng.<br \/>\n\u2013 D\u1ecbch v\u1ee5 b\u1ea3o tr\u00ec v\u00e0 c\u1eadp nh\u1eadt li\u00ean t\u1ee5c: Cung c\u1ea5p d\u1ecbch v\u1ee5 b\u1ea3o tr\u00ec v\u00e0 c\u1eadp nh\u1eadt c\u00e1c t\u00ednh n\u0103ng m\u1edbi trong v\u00f2ng 6 th\u00e1ng.<\/p>\n<p><strong>D\u00e0nh cho:<\/strong> C\u00e1c doanh nghi\u1ec7p l\u1edbn ho\u1eb7c doanh nghi\u1ec7p c\u00f3 nhu c\u1ea7u ph\u00e1t tri\u1ec3n website th\u01b0\u01a1ng m\u1ea1i \u0111i\u1ec7n t\u1eed chuy\u00ean nghi\u1ec7p, t\u1ed1i \u01b0u h\u00f3a hi\u1ec7u su\u1ea5t v\u00e0 s\u1eb5n s\u00e0ng cho chi\u1ebfn l\u01b0\u1ee3c marketing l\u00e2u d\u00e0i.<\/p>\n","protected":false},"excerpt":{"rendered":"<p>Gi\u00e1: 100,000,000 VND D\u1ecbch v\u1ee5 bao g\u1ed3m: \u2013 Thi\u1ebft k\u1ebf website t\u00f9y ch\u1ec9nh cao c\u1ea5p: Giao di\u1ec7n \u0111\u1ed9c \u0111\u00e1o, t\u00edch h\u1ee3p nhi\u1ec1u t\u00ednh n\u0103ng \u0111\u1eb7c bi\u1ec7t nh\u01b0 multi-vendor, h\u1ec7 th\u1ed1ng \u0111\u00e1nh gi\u00e1 s\u1ea3n ph\u1ea9m, chatbot, v\u00e0 t\u00edch h\u1ee3p API v\u1edbi c\u00e1c h\u1ec7 th\u1ed1ng b\u00ean ngo\u00e0i. \u2013 T\u00edch h\u1ee3p t\u00ednh n\u0103ng e-commerce ti\u00ean ti\u1ebfn: H\u1ec7 th\u1ed1ng [&hellip;]<\/p>\n","protected":false},"featured_media":726,"comment_status":"closed","ping_status":"closed","template":"","meta":{"_acf_changed":false},"product_brand":[],"product_cat":[46],"product_tag":[],"class_list":{"0":"post-722","1":"product","2":"type-product","3":"status-publish","4":"has-post-thumbnail","6":"product_cat-package-vi","8":"first","9":"instock","10":"sold-individually","11":"shipping-taxable","12":"purchasable","13":"product-type-simple"},"acf":[],"yoast_head":"<!-- This site is optimized with the Yoast SEO plugin v25.2 - https:\/\/yoast.com\/wordpress\/plugins\/seo\/ -->\n<title>G\u00f3i cao c\u1ea5p - Decorp<\/title>\n<meta name=\"robots\" content=\"noindex, follow, max-snippet:-1, max-image-preview:large, max-video-preview:-1\" \/>\n<meta property=\"og:locale\" content=\"vi_VN\" \/>\n<meta property=\"og:type\" content=\"article\" \/>\n<meta property=\"og:title\" content=\"G\u00f3i cao c\u1ea5p - Decorp\" \/>\n<meta property=\"og:description\" content=\"Gi\u00e1: 100,000,000 VND D\u1ecbch v\u1ee5 bao g\u1ed3m: \u2013 Thi\u1ebft k\u1ebf website t\u00f9y ch\u1ec9nh cao c\u1ea5p: Giao di\u1ec7n \u0111\u1ed9c \u0111\u00e1o, t\u00edch h\u1ee3p nhi\u1ec1u t\u00ednh n\u0103ng \u0111\u1eb7c bi\u1ec7t nh\u01b0 multi-vendor, h\u1ec7 th\u1ed1ng \u0111\u00e1nh gi\u00e1 s\u1ea3n ph\u1ea9m, chatbot, v\u00e0 t\u00edch h\u1ee3p API v\u1edbi c\u00e1c h\u1ec7 th\u1ed1ng b\u00ean ngo\u00e0i. \u2013 T\u00edch h\u1ee3p t\u00ednh n\u0103ng e-commerce ti\u00ean ti\u1ebfn: H\u1ec7 th\u1ed1ng [&hellip;]\" \/>\n<meta property=\"og:url\" content=\"https:\/\/decorp.vn\/vi\/product\/goi-cao-cap\/\" \/>\n<meta property=\"og:site_name\" content=\"Decorp\" \/>\n<meta property=\"article:publisher\" content=\"https:\/\/www.facebook.com\/profile.php?id=61577373744172\" \/>\n<meta property=\"article:modified_time\" content=\"2025-09-11T09:42:29+00:00\" \/>\n<meta property=\"og:image\" content=\"https:\/\/decorp.vn\/wp-content\/uploads\/2025\/08\/goi-cao-cap.webp\" \/>\n\t<meta property=\"og:image:width\" content=\"1080\" \/>\n\t<meta property=\"og:image:height\" content=\"1080\" \/>\n\t<meta property=\"og:image:type\" content=\"image\/webp\" \/>\n<meta name=\"twitter:card\" content=\"summary_large_image\" \/>\n<meta name=\"twitter:label1\" content=\"\u01af\u1edbc t\u00ednh th\u1eddi gian \u0111\u1ecdc\" \/>\n\t<meta name=\"twitter:data1\" content=\"2 ph\u00fat\" \/>\n<script type=\"application\/ld+json\" class=\"yoast-schema-graph\">{\"@context\":\"https:\/\/schema.org\",\"@graph\":[{\"@type\":\"WebPage\",\"@id\":\"https:\/\/decorp.vn\/vi\/product\/goi-cao-cap\/\",\"url\":\"https:\/\/decorp.vn\/vi\/product\/goi-cao-cap\/\",\"name\":\"G\u00f3i cao c\u1ea5p - Decorp\",\"isPartOf\":{\"@id\":\"https:\/\/decorp.vn\/#website\"},\"primaryImageOfPage\":{\"@id\":\"https:\/\/decorp.vn\/vi\/product\/goi-cao-cap\/#primaryimage\"},\"image\":{\"@id\":\"https:\/\/decorp.vn\/vi\/product\/goi-cao-cap\/#primaryimage\"},\"thumbnailUrl\":\"https:\/\/decorp.vn\/wp-content\/uploads\/2025\/08\/goi-cao-cap.webp\",\"datePublished\":\"2025-08-18T06:53:52+00:00\",\"dateModified\":\"2025-09-11T09:42:29+00:00\",\"breadcrumb\":{\"@id\":\"https:\/\/decorp.vn\/vi\/product\/goi-cao-cap\/#breadcrumb\"},\"inLanguage\":\"vi\",\"potentialAction\":[{\"@type\":\"ReadAction\",\"target\":[\"https:\/\/decorp.vn\/vi\/product\/goi-cao-cap\/\"]}]},{\"@type\":\"ImageObject\",\"inLanguage\":\"vi\",\"@id\":\"https:\/\/decorp.vn\/vi\/product\/goi-cao-cap\/#primaryimage\",\"url\":\"https:\/\/decorp.vn\/wp-content\/uploads\/2025\/08\/goi-cao-cap.webp\",\"contentUrl\":\"https:\/\/decorp.vn\/wp-content\/uploads\/2025\/08\/goi-cao-cap.webp\",\"width\":1080,\"height\":1080,\"caption\":\"goi-cao-cap\"},{\"@type\":\"BreadcrumbList\",\"@id\":\"https:\/\/decorp.vn\/vi\/product\/goi-cao-cap\/#breadcrumb\",\"itemListElement\":[{\"@type\":\"ListItem\",\"position\":1,\"name\":\"Home\",\"item\":\"https:\/\/decorp.vn\/vi\/\"},{\"@type\":\"ListItem\",\"position\":2,\"name\":\"G\u00f3i cao c\u1ea5p\"}]},{\"@type\":\"WebSite\",\"@id\":\"https:\/\/decorp.vn\/#website\",\"url\":\"https:\/\/decorp.vn\/\",\"name\":\"Decorp Technology\",\"description\":\"\",\"publisher\":{\"@id\":\"https:\/\/decorp.vn\/#organization\"},\"potentialAction\":[{\"@type\":\"SearchAction\",\"target\":{\"@type\":\"EntryPoint\",\"urlTemplate\":\"https:\/\/decorp.vn\/?s={search_term_string}\"},\"query-input\":{\"@type\":\"PropertyValueSpecification\",\"valueRequired\":true,\"valueName\":\"search_term_string\"}}],\"inLanguage\":\"vi\"},{\"@type\":\"Organization\",\"@id\":\"https:\/\/decorp.vn\/#organization\",\"name\":\"Decorp Technology\",\"url\":\"https:\/\/decorp.vn\/\",\"logo\":{\"@type\":\"ImageObject\",\"inLanguage\":\"vi\",\"@id\":\"https:\/\/decorp.vn\/#\/schema\/logo\/image\/\",\"url\":\"https:\/\/decorp.vn\/wp-content\/uploads\/2025\/09\/cropped-LOGO_DOC-01.png\",\"contentUrl\":\"https:\/\/decorp.vn\/wp-content\/uploads\/2025\/09\/cropped-LOGO_DOC-01.png\",\"width\":512,\"height\":512,\"caption\":\"Decorp Technology\"},\"image\":{\"@id\":\"https:\/\/decorp.vn\/#\/schema\/logo\/image\/\"},\"sameAs\":[\"https:\/\/www.facebook.com\/profile.php?id=61577373744172\"]}]}<\/script>\n<!-- \/ Yoast SEO plugin. -->","yoast_head_json":{"title":"G\u00f3i cao c\u1ea5p - Decorp","robots":{"index":"noindex","follow":"follow","max-snippet":"max-snippet:-1","max-image-preview":"max-image-preview:large","max-video-preview":"max-video-preview:-1"},"og_locale":"vi_VN","og_type":"article","og_title":"G\u00f3i cao c\u1ea5p - Decorp","og_description":"Gi\u00e1: 100,000,000 VND D\u1ecbch v\u1ee5 bao g\u1ed3m: \u2013 Thi\u1ebft k\u1ebf website t\u00f9y ch\u1ec9nh cao c\u1ea5p: Giao di\u1ec7n \u0111\u1ed9c \u0111\u00e1o, t\u00edch h\u1ee3p nhi\u1ec1u t\u00ednh n\u0103ng \u0111\u1eb7c bi\u1ec7t nh\u01b0 multi-vendor, h\u1ec7 th\u1ed1ng \u0111\u00e1nh gi\u00e1 s\u1ea3n ph\u1ea9m, chatbot, v\u00e0 t\u00edch h\u1ee3p API v\u1edbi c\u00e1c h\u1ec7 th\u1ed1ng b\u00ean ngo\u00e0i. \u2013 T\u00edch h\u1ee3p t\u00ednh n\u0103ng e-commerce ti\u00ean ti\u1ebfn: H\u1ec7 th\u1ed1ng [&hellip;]","og_url":"https:\/\/decorp.vn\/vi\/product\/goi-cao-cap\/","og_site_name":"Decorp","article_publisher":"https:\/\/www.facebook.com\/profile.php?id=61577373744172","article_modified_time":"2025-09-11T09:42:29+00:00","og_image":[{"width":1080,"height":1080,"url":"https:\/\/decorp.vn\/wp-content\/uploads\/2025\/08\/goi-cao-cap.webp","type":"image\/webp"}],"twitter_card":"summary_large_image","twitter_misc":{"\u01af\u1edbc t\u00ednh th\u1eddi gian \u0111\u1ecdc":"2 ph\u00fat"},"schema":{"@context":"https:\/\/schema.org","@graph":[{"@type":"WebPage","@id":"https:\/\/decorp.vn\/vi\/product\/goi-cao-cap\/","url":"https:\/\/decorp.vn\/vi\/product\/goi-cao-cap\/","name":"G\u00f3i cao c\u1ea5p - Decorp","isPartOf":{"@id":"https:\/\/decorp.vn\/#website"},"primaryImageOfPage":{"@id":"https:\/\/decorp.vn\/vi\/product\/goi-cao-cap\/#primaryimage"},"image":{"@id":"https:\/\/decorp.vn\/vi\/product\/goi-cao-cap\/#primaryimage"},"thumbnailUrl":"https:\/\/decorp.vn\/wp-content\/uploads\/2025\/08\/goi-cao-cap.webp","datePublished":"2025-08-18T06:53:52+00:00","dateModified":"2025-09-11T09:42:29+00:00","breadcrumb":{"@id":"https:\/\/decorp.vn\/vi\/product\/goi-cao-cap\/#breadcrumb"},"inLanguage":"vi","potentialAction":[{"@type":"ReadAction","target":["https:\/\/decorp.vn\/vi\/product\/goi-cao-cap\/"]}]},{"@type":"ImageObject","inLanguage":"vi","@id":"https:\/\/decorp.vn\/vi\/product\/goi-cao-cap\/#primaryimage","url":"https:\/\/decorp.vn\/wp-content\/uploads\/2025\/08\/goi-cao-cap.webp","contentUrl":"https:\/\/decorp.vn\/wp-content\/uploads\/2025\/08\/goi-cao-cap.webp","width":1080,"height":1080,"caption":"goi-cao-cap"},{"@type":"BreadcrumbList","@id":"https:\/\/decorp.vn\/vi\/product\/goi-cao-cap\/#breadcrumb","itemListElement":[{"@type":"ListItem","position":1,"name":"Home","item":"https:\/\/decorp.vn\/vi\/"},{"@type":"ListItem","position":2,"name":"G\u00f3i cao c\u1ea5p"}]},{"@type":"WebSite","@id":"https:\/\/decorp.vn\/#website","url":"https:\/\/decorp.vn\/","name":"Decorp Technology","description":"","publisher":{"@id":"https:\/\/decorp.vn\/#organization"},"potentialAction":[{"@type":"SearchAction","target":{"@type":"EntryPoint","urlTemplate":"https:\/\/decorp.vn\/?s={search_term_string}"},"query-input":{"@type":"PropertyValueSpecification","valueRequired":true,"valueName":"search_term_string"}}],"inLanguage":"vi"},{"@type":"Organization","@id":"https:\/\/decorp.vn\/#organization","name":"Decorp Technology","url":"https:\/\/decorp.vn\/","logo":{"@type":"ImageObject","inLanguage":"vi","@id":"https:\/\/decorp.vn\/#\/schema\/logo\/image\/","url":"https:\/\/decorp.vn\/wp-content\/uploads\/2025\/09\/cropped-LOGO_DOC-01.png","contentUrl":"https:\/\/decorp.vn\/wp-content\/uploads\/2025\/09\/cropped-LOGO_DOC-01.png","width":512,"height":512,"caption":"Decorp Technology"},"image":{"@id":"https:\/\/decorp.vn\/#\/schema\/logo\/image\/"},"sameAs":["https:\/\/www.facebook.com\/profile.php?id=61577373744172"]}]}},"_links":{"self":[{"href":"https:\/\/decorp.vn\/vi\/wp-json\/wp\/v2\/product\/722","targetHints":{"allow":["GET"]}}],"collection":[{"href":"https:\/\/decorp.vn\/vi\/wp-json\/wp\/v2\/product"}],"about":[{"href":"https:\/\/decorp.vn\/vi\/wp-json\/wp\/v2\/types\/product"}],"replies":[{"embeddable":true,"href":"https:\/\/decorp.vn\/vi\/wp-json\/wp\/v2\/comments?post=722"}],"wp:featuredmedia":[{"embeddable":true,"href":"https:\/\/decorp.vn\/vi\/wp-json\/wp\/v2\/media\/726"}],"wp:attachment":[{"href":"https:\/\/decorp.vn\/vi\/wp-json\/wp\/v2\/media?parent=722"}],"wp:term":[{"taxonomy":"product_brand","embeddable":true,"href":"https:\/\/decorp.vn\/vi\/wp-json\/wp\/v2\/product_brand?post=722"},{"taxonomy":"product_cat","embeddable":true,"href":"https:\/\/decorp.vn\/vi\/wp-json\/wp\/v2\/product_cat?post=722"},{"taxonomy":"product_tag","embeddable":true,"href":"https:\/\/decorp.vn\/vi\/wp-json\/wp\/v2\/product_tag?post=722"}],"curies":[{"name":"wp","href":"https:\/\/api.w.org\/{rel}","templated":true}]}}